{"id":1283,"date":"2019-01-08T13:54:27","date_gmt":"2019-01-08T18:54:27","guid":{"rendered":"https:\/\/www.leshabitationsmlc.com\/?page_id=1283"},"modified":"2019-01-25T10:29:30","modified_gmt":"2019-01-25T15:29:30","slug":"about-us","status":"publish","type":"page","link":"https:\/\/www.leshabitationsmlc.com\/en\/about-us\/","title":{"rendered":"About Us"},"content":{"rendered":"<p><div class=\"fusion-bg-parallax\" data-bg-align=\"left bottom\" data-direction=\"up\" data-mute=\"false\" data-opacity=\"100\" data-velocity=\"-0.3\" data-mobile-enabled=\"false\" data-break_parents=\"0\" data-bg-image=\"https:\/\/www.leshabitationsmlc.com\/wp-content\/uploads\/2018\/11\/a-notre-sujet-banner.jpg\" data-bg-repeat=\"false\" ><\/div><div class=\"fusion-fullwidth fullwidth-box fusion-builder-row-1 fusion-parallax-up nonhundred-percent-fullwidth non-hundred-percent-height-scrolling\" style=\"--awb-background-position:left bottom;--awb-border-radius-top-left:0px;--awb-border-radius-top-right:0px;--awb-border-radius-bottom-right:0px;--awb-border-radius-bottom-left:0px;--awb-padding-top:130px;--awb-padding-bottom:120px;--awb-background-image:url(&quot;https:\/\/www.leshabitationsmlc.com\/wp-content\/uploads\/2018\/11\/a-notre-sujet-banner.jpg&quot;);--awb-background-size:cover;--awb-border-sizes-top:0px;--awb-border-sizes-bottom:0px;--awb-flex-wrap:wrap;\" ><div class=\"fusion-builder-row fusion-row\"><div class=\"fusion-layout-column fusion_builder_column fusion-builder-column-0 fusion_builder_column_1_2 1_2 fusion-one-half fusion-column-first\" style=\"--awb-bg-size:cover;width:48%; margin-right: 4%;\"><div class=\"fusion-column-wrapper fusion-flex-column-wrapper-legacy\"><div class=\"fusion-text fusion-text-1\"><h2><span style=\"color: #ffffff;\">ABOUT US<\/span><\/h2>\n<\/div><div class=\"fusion-sep-clear\"><\/div><div class=\"fusion-separator fusion-full-width-sep\" style=\"margin-left: auto;margin-right: auto;margin-top:20px;width:100%;\"><\/div><div class=\"fusion-sep-clear\"><\/div><div class=\"fusion-clearfix\"><\/div><\/div><\/div><div class=\"fusion-layout-column fusion_builder_column fusion-builder-column-1 fusion_builder_column_1_2 1_2 fusion-one-half fusion-column-last\" style=\"--awb-bg-size:cover;width:48%;\"><div class=\"fusion-column-wrapper fusion-flex-column-wrapper-legacy\"><div class=\"fusion-clearfix\"><\/div><\/div><\/div><\/div><\/div><div class=\"fusion-fullwidth fullwidth-box fusion-builder-row-2 nonhundred-percent-fullwidth non-hundred-percent-height-scrolling\" style=\"--awb-background-position:left top;--awb-border-radius-top-left:0px;--awb-border-radius-top-right:0px;--awb-border-radius-bottom-right:0px;--awb-border-radius-bottom-left:0px;--awb-padding-top:150px;--awb-padding-bottom:150px;--awb-border-sizes-top:0px;--awb-border-sizes-bottom:0px;--awb-flex-wrap:wrap;\" ><div class=\"fusion-builder-row fusion-row\"><div class=\"fusion-layout-column fusion_builder_column fusion-builder-column-2 fusion_builder_column_1_2 1_2 fusion-one-half fusion-column-first\" style=\"--awb-bg-size:cover;width:48%; margin-right: 4%;\"><div class=\"fusion-column-wrapper fusion-flex-column-wrapper-legacy\"><div class=\"fusion-text fusion-text-2\"><p><strong>The Company<\/strong>: Les Habitations MLC founded in 1987.<br \/>\n<strong>The President<\/strong>: Philippe Nadeau since 2001.<\/p>\n<\/div><div class=\"fusion-sep-clear\"><\/div><div class=\"fusion-separator fusion-clearfix\" style=\"float:left;margin-top:0px;margin-bottom:35px;width:100%;max-width:170px;\"><\/div><div class=\"fusion-sep-clear\"><\/div><div class=\"fusion-text fusion-text-3\"><h3>OUR PHILOSOPHY<\/h3>\n<\/div><div class=\"fusion-sep-clear\"><\/div><div class=\"fusion-separator fusion-clearfix\" style=\"float:left;margin-top:0px;margin-bottom:35px;width:100%;max-width:170px;\"><\/div><div class=\"fusion-sep-clear\"><\/div><div class=\"fusion-text fusion-text-4\"><p>A personalized approach tailored to your needs, proven for\u00a0over a generation.<br \/>\nWhether building a new house, renovating or expanding your existing home, we provide all the necessary services<\/p>\n<\/div><div class=\"fusion-clearfix\"><\/div><\/div><\/div><div class=\"fusion-layout-column fusion_builder_column fusion-builder-column-3 fusion_builder_column_1_2 1_2 fusion-one-half fusion-column-last\" style=\"--awb-bg-size:cover;width:48%;\"><div class=\"fusion-column-wrapper fusion-flex-column-wrapper-legacy\"><div class=\"fusion-image-element in-legacy-container\" style=\"--awb-caption-title-font-family:var(--h2_typography-font-family);--awb-caption-title-font-weight:var(--h2_typography-font-weight);--awb-caption-title-font-style:var(--h2_typography-font-style);--awb-caption-title-size:var(--h2_typography-font-size);--awb-caption-title-transform:var(--h2_typography-text-transform);--awb-caption-title-line-height:var(--h2_typography-line-height);--awb-caption-title-letter-spacing:var(--h2_typography-letter-spacing);\"><span class=\" fusion-imageframe imageframe-none imageframe-1 hover-type-zoomin fusion-animated\" data-animationType=\"fadeInDown\" data-animationDuration=\"1.0\" data-animationOffset=\"top-into-view\"><img decoding=\"async\" width=\"300\" height=\"203\" alt=\"Contracteur g\u00e9n\u00e9ral\" title=\"25-2\" src=\"https:\/\/www.leshabitationsmlc.com\/wp-content\/uploads\/2018\/11\/25-2-300x203.jpg\" class=\"img-responsive wp-image-968\" srcset=\"https:\/\/www.leshabitationsmlc.com\/wp-content\/uploads\/2018\/11\/25-2-200x135.jpg 200w, https:\/\/www.leshabitationsmlc.com\/wp-content\/uploads\/2018\/11\/25-2-400x271.jpg 400w, https:\/\/www.leshabitationsmlc.com\/wp-content\/uploads\/2018\/11\/25-2-600x406.jpg 600w, https:\/\/www.leshabitationsmlc.com\/wp-content\/uploads\/2018\/11\/25-2.jpg 800w\" sizes=\"(max-width: 800px) 100vw, 600px\" \/><\/span><\/div><div class=\"fusion-sep-clear\"><\/div><div class=\"fusion-separator fusion-full-width-sep\" style=\"margin-left: auto;margin-right: auto;margin-top:40px;width:100%;\"><\/div><div class=\"fusion-sep-clear\"><\/div><div class=\"fusion-clearfix\"><\/div><\/div><\/div><\/div><\/div><div class=\"fusion-bg-parallax\" data-bg-align=\"left top\" data-direction=\"up\" data-mute=\"false\" data-opacity=\"100\" data-velocity=\"-0.3\" data-mobile-enabled=\"false\" data-break_parents=\"0\" data-bg-image=\"https:\/\/www.leshabitationsmlc.com\/wp-content\/uploads\/2018\/11\/a-notre-sujet-bg-1.jpg\" data-bg-repeat=\"false\" ><\/div><div class=\"fusion-fullwidth fullwidth-box fusion-builder-row-3 fusion-parallax-up nonhundred-percent-fullwidth non-hundred-percent-height-scrolling\" style=\"--awb-background-position:left top;--awb-border-radius-top-left:0px;--awb-border-radius-top-right:0px;--awb-border-radius-bottom-right:0px;--awb-border-radius-bottom-left:0px;--awb-padding-top:150px;--awb-padding-bottom:150px;--awb-background-image:url(&quot;https:\/\/www.leshabitationsmlc.com\/wp-content\/uploads\/2018\/11\/a-notre-sujet-bg-1.jpg&quot;);--awb-background-size:cover;--awb-border-sizes-top:0px;--awb-border-sizes-bottom:0px;--awb-flex-wrap:wrap;\" ><div class=\"fusion-builder-row fusion-row\"><div class=\"fusion-layout-column fusion_builder_column fusion-builder-column-4 fusion_builder_column_1_1 1_1 fusion-one-full fusion-column-first fusion-column-last fusion-column-no-min-height\" style=\"--awb-bg-size:cover;--awb-margin-bottom:0px;\"><div class=\"fusion-column-wrapper fusion-flex-column-wrapper-legacy\"><div class=\"fusion-text fusion-text-5\"><h2><span style=\"color: #ffffff;\">OUR STRENGTHS<\/span><\/h2>\n<h3><span style=\"color: #ffffff;\"><em>We create a relationship with you that goes beyond the usual customer-contractor relationship.<\/em><\/span><\/h3>\n<\/div><div class=\"fusion-text fusion-text-6\"><p><span style=\"color: #ffffff;\">Our customers agree: from the very first meeting, we establish a climate of trust and transparency.<\/span><br \/>\n<span style=\"color: #ffffff;\">We take the time to listen to our clients. Subsequently, we explain all the stages of your project.<\/span><br \/>\n<span style=\"color: #ffffff;\">You will make informed decisions based on your needs, your budget and your planning.<\/span><\/p>\n<\/div><div class=\"fusion-text fusion-text-7\"><p style=\"text-align: center;\"><span style=\"color: #ffffff;\"><strong>No words that are too technical. No unpleasant surprises.<\/strong><\/span><br \/>\n<span style=\"color: #ffffff;\"><strong>Only a project that suits you in every way.<\/strong><\/span><\/p>\n<p><span style=\"color: #ffffff;\">We also want to build a long-lasting relationship with all our customers.<\/span><br \/>\n<span style=\"color: #ffffff;\">Whether you want to:<\/span><\/p>\n<\/div><ul style=\"--awb-line-height:23.8px;--awb-icon-width:23.8px;--awb-icon-height:23.8px;--awb-icon-margin:9.8px;--awb-content-margin:33.6px;--awb-circlecolor:rgba(255,255,255,0);--awb-circle-yes-font-size:12.32px;\" class=\"fusion-checklist fusion-checklist-1 fusion-checklist-default type-icons white\"><li class=\"fusion-li-item\" style=\"\"><span class=\"icon-wrapper circle-yes\"><i class=\"fusion-li-icon awb-icon-check\" aria-hidden=\"true\"><\/i><\/span><div class=\"fusion-li-item-content\">remedy a defect<\/div><\/li><li class=\"fusion-li-item\" style=\"\"><span class=\"icon-wrapper circle-yes\"><i class=\"fusion-li-icon awb-icon-check\" aria-hidden=\"true\"><\/i><\/span><div class=\"fusion-li-item-content\">apply a warranty<\/div><\/li><li class=\"fusion-li-item\" style=\"\"><span class=\"icon-wrapper circle-yes\"><i class=\"fusion-li-icon awb-icon-check\" aria-hidden=\"true\"><\/i><\/span><div class=\"fusion-li-item-content\">renovate or expand your home<\/div><\/li><li class=\"fusion-li-item\" style=\"\"><span class=\"icon-wrapper circle-yes\"><i class=\"fusion-li-icon awb-icon-check\" aria-hidden=\"true\"><\/i><\/span><div class=\"fusion-li-item-content\">plan another project<\/div><\/li><\/ul><div class=\"fusion-text fusion-text-8\"><p><span style=\"color: #ffffff;\">\u2026 we will remain your building specialist for many years.<\/span><\/p>\n<\/div><div class=\"fusion-testimonials classic awb-speech-bubble-show fusion-testimonials-1\" style=\"--awb-textcolor:#ffffff;--awb-backgroundcolor:#f6f6f6;--awb-testimonial-border-style:solid;--awb-testimonial-border-color:var(--awb-color3);--awb-border-top-left-radius:0px;--awb-border-top-right-radius:0px;--awb-border-bottom-left-radius:0px;--awb-border-bottom-right-radius:0px;--testimonial-border-width-top:0px;--testimonial-border-width-right:0px;--testimonial-border-width-bottom:0px;--testimonial-border-width-left:0px;\" data-random=\"0\" data-speed=\"4000\"><div class=\"reviews\"><div class=\"review active-testimonial no-avatar\"><blockquote><div class=\"awb-quote\"><div class=\"awb-quote-content\">\n<p style=\"text-align: left; color: #000;\">A great adventure\u2026 good advice and sensitive to our needs.<\/p>\n<p><span style=\"color: #000000;\">Thank you Philippe<\/span><\/div><\/div><span class=\"awb-triangle\"><\/span><\/blockquote><div class=\"author\"><span class=\"company-name\"><strong>Jenny Hachez - Alain Simard Gagn\u00e9<\/strong><\/span><\/div><\/div><\/div><\/div><div class=\"fusion-clearfix\"><\/div><\/div><\/div><\/div><\/div><div class=\"fusion-fullwidth fullwidth-box fusion-builder-row-4 nonhundred-percent-fullwidth non-hundred-percent-height-scrolling\" style=\"--awb-background-position:left top;--awb-border-radius-top-left:0px;--awb-border-radius-top-right:0px;--awb-border-radius-bottom-right:0px;--awb-border-radius-bottom-left:0px;--awb-padding-top:150px;--awb-padding-bottom:150px;--awb-border-sizes-top:0px;--awb-border-sizes-bottom:0px;--awb-flex-wrap:wrap;\" ><div class=\"fusion-builder-row fusion-row\"><div class=\"fusion-layout-column fusion_builder_column fusion-builder-column-5 fusion_builder_column_1_1 1_1 fusion-one-full fusion-column-first fusion-column-last fusion-column-no-min-height\" style=\"--awb-bg-size:cover;--awb-margin-bottom:0px;\"><div class=\"fusion-column-wrapper fusion-flex-column-wrapper-legacy\"><div class=\"fusion-text fusion-text-9\"><h2>OUR CERTIFICATIONS<\/h2>\n<\/div><ul style=\"--awb-iconcolor:#000000;--awb-line-height:23.8px;--awb-icon-width:23.8px;--awb-icon-height:23.8px;--awb-icon-margin:9.8px;--awb-content-margin:33.6px;--awb-circlecolor:rgba(255,255,255,0);--awb-circle-yes-font-size:12.32px;\" class=\"fusion-checklist fusion-checklist-2 fusion-checklist-default type-icons\"><li class=\"fusion-li-item\" style=\"\"><span class=\"icon-wrapper circle-yes\"><i class=\"fusion-li-icon awb-icon-check\" aria-hidden=\"true\"><\/i><\/span><div class=\"fusion-li-item-content\">Certified <a href=\"http:\/\/www.novoclimat.ca\/\" target=\"_blank\" rel=\"noopener\">Novoclimat<\/a> for the economy and comfort of your home since 2006.<\/div><\/li><li class=\"fusion-li-item\" style=\"\"><span class=\"icon-wrapper circle-yes\"><i class=\"fusion-li-icon awb-icon-check\" aria-hidden=\"true\"><\/i><\/span><div class=\"fusion-li-item-content\">Certified <a href=\"http:\/\/www.novoclimat.ca\/\" target=\"_blank\" rel=\"noopener\">Novoclimat<\/a> 2.0 since 2014<\/div><\/li><li class=\"fusion-li-item\" style=\"\"><span class=\"icon-wrapper circle-yes\"><i class=\"fusion-li-icon awb-icon-check\" aria-hidden=\"true\"><\/i><\/span><div class=\"fusion-li-item-content\">\n<p>Formation LEED in 2010<\/p>\n<\/div><\/li><li class=\"fusion-li-item\" style=\"\"><span class=\"icon-wrapper circle-yes\"><i class=\"fusion-li-icon awb-icon-check\" aria-hidden=\"true\"><\/i><\/span><div class=\"fusion-li-item-content\">\n<p>Members of the Prevention Mutual Group <a href=\"https:\/\/www.csst.qc.ca\/prevention\/mutuelles_prevention\/Pages\/regroupement_employeurs_prevention.aspx\" target=\"_blank\" rel=\"noopener\">Commission des normes, de l&#8217;\u00e9quit\u00e9, de la sant\u00e9 et de la s\u00e9curit\u00e9 du travail<\/a> (CNESST) since 2006. Health and safety on our site is very important to us.<\/p>\n<\/div><\/li><li class=\"fusion-li-item\" style=\"\"><span class=\"icon-wrapper circle-yes\"><i class=\"fusion-li-icon awb-icon-check\" aria-hidden=\"true\"><\/i><\/span><div class=\"fusion-li-item-content\">Members of <a href=\"https:\/\/www.apchq.com\/\" target=\"_blank\" rel=\"noopener\">l\u2019Association des professionnels de la construction et de l\u2019habitation du Qu\u00e9bec<\/a>, (APCHQ) since 2001<\/div><\/li><li class=\"fusion-li-item\" style=\"\"><span class=\"icon-wrapper circle-yes\"><i class=\"fusion-li-icon awb-icon-check\" aria-hidden=\"true\"><\/i><\/span><div class=\"fusion-li-item-content\">\n<p><a href=\"https:\/\/www.garantiegcr.com\/fr\/\" target=\"_blank\" rel=\"noopener\">Garantie construction r\u00e9sidentielle<\/a> (GCR) for a high standard of quality and the guarantee of work well done.<\/p>\n<\/div><\/li><\/ul><div class=\"fusion-clearfix\"><\/div><\/div><\/div><\/div><\/div><div class=\"fusion-bg-parallax\" data-bg-align=\"left top\" data-direction=\"up\" data-mute=\"false\" data-opacity=\"100\" data-velocity=\"-0.3\" data-mobile-enabled=\"false\" data-break_parents=\"0\" data-bg-image=\"https:\/\/www.leshabitationsmlc.com\/wp-content\/uploads\/2018\/11\/a-notre-sujet-bg-2.jpg\" data-bg-repeat=\"false\" ><\/div><div class=\"fusion-fullwidth fullwidth-box fusion-builder-row-5 fusion-parallax-up nonhundred-percent-fullwidth non-hundred-percent-height-scrolling\" style=\"--awb-background-position:left top;--awb-border-radius-top-left:0px;--awb-border-radius-top-right:0px;--awb-border-radius-bottom-right:0px;--awb-border-radius-bottom-left:0px;--awb-padding-top:150px;--awb-padding-bottom:150px;--awb-background-image:url(&quot;https:\/\/www.leshabitationsmlc.com\/wp-content\/uploads\/2018\/11\/a-notre-sujet-bg-2.jpg&quot;);--awb-background-size:cover;--awb-border-sizes-top:0px;--awb-border-sizes-bottom:0px;--awb-flex-wrap:wrap;\" ><div class=\"fusion-builder-row fusion-row\"><div class=\"fusion-layout-column fusion_builder_column fusion-builder-column-6 fusion_builder_column_1_1 1_1 fusion-one-full fusion-column-first fusion-column-last fusion-column-no-min-height\" style=\"--awb-bg-size:cover;--awb-margin-bottom:0px;\"><div class=\"fusion-column-wrapper fusion-flex-column-wrapper-legacy\"><div class=\"fusion-text fusion-text-10\"><h2><span style=\"color: #ffffff;\">THE ENERGY-EFFICIENT HOME<\/span><\/h2>\n<h3><span style=\"color: #ffffff;\"><em>We received a Green Home and Energy Efficiency training in 2007.<\/em><\/span><\/h3>\n<h3><span style=\"color: #ffffff;\"><em>An energy-efficient house has no secrets for us.<\/em><\/span><\/h3>\n<\/div><div class=\"fusion-clearfix\"><\/div><\/div><\/div><\/div><\/div><div class=\"fusion-fullwidth fullwidth-box fusion-builder-row-6 nonhundred-percent-fullwidth non-hundred-percent-height-scrolling\" style=\"--awb-border-radius-top-left:0px;--awb-border-radius-top-right:0px;--awb-border-radius-bottom-right:0px;--awb-border-radius-bottom-left:0px;--awb-padding-top:110px;--awb-padding-bottom:50px;--awb-background-color:#005941;--awb-border-sizes-top:0px;--awb-border-sizes-bottom:0px;--awb-flex-wrap:wrap;\" ><div class=\"fusion-builder-row fusion-row\"><div class=\"fusion-layout-column fusion_builder_column fusion-builder-column-7 fusion_builder_column_1_1 1_1 fusion-one-full fusion-column-first fusion-column-last\" style=\"--awb-bg-size:cover;--awb-margin-bottom:100px;\"><div class=\"fusion-column-wrapper fusion-flex-column-wrapper-legacy\"><div class=\"fusion-text fusion-text-11\"><h3 style=\"text-align: center;\"><span style=\"color: #ffffff;\"><em>Only one phone number to reach us<\/em><\/span><\/h3>\n<h3 style=\"text-align: center;\"><span style=\"color: #ffffff;\">(450) 224-5501 or by <a style=\"color: #ffffff;\" href=\"mailto:info@leshabitationsmlc.com\">email<\/a><\/span><\/h3>\n<\/div><div class=\"fusion-clearfix\"><\/div><\/div><\/div><\/div><\/div><\/p>\n","protected":false},"excerpt":{"rendered":"","protected":false},"author":1,"featured_media":0,"parent":0,"menu_order":0,"comment_status":"closed","ping_status":"open","template":"100-width.php","meta":{"footnotes":""},"class_list":["post-1283","page","type-page","status-publish","hentry"],"yoast_head":"<!-- This site is optimized with the Yoast SEO plugin v26.3 - https:\/\/yoast.com\/wordpress\/plugins\/seo\/ -->\n<title>General contractor construction renovation Laurentians - Les Habitations MLC<\/title>\n<meta name=\"description\" content=\"Les Habitations MLC in Ste-Anne-des-Lacs, near St-Sauveur can provide all the personalized services for your construction or renovation project.\" \/>\n<meta name=\"robots\" content=\"index, follow, max-snippet:-1, max-image-preview:large, max-video-preview:-1\" \/>\n<link rel=\"canonical\" href=\"https:\/\/www.leshabitationsmlc.com\/en\/about-us\/\" \/>\n<meta property=\"og:locale\" content=\"en_US\" \/>\n<meta property=\"og:type\" content=\"article\" \/>\n<meta property=\"og:title\" content=\"General contractor construction renovation Laurentians - Les Habitations MLC\" \/>\n<meta property=\"og:description\" content=\"Les Habitations MLC in Ste-Anne-des-Lacs, near St-Sauveur can provide all the personalized services for your construction or renovation project.\" \/>\n<meta property=\"og:url\" content=\"https:\/\/www.leshabitationsmlc.com\/en\/about-us\/\" \/>\n<meta property=\"og:site_name\" content=\"Les Habitations MLC\" \/>\n<meta property=\"article:publisher\" content=\"https:\/\/www.facebook.com\/Philippe.Nadeau.Entrepreneur\/\" \/>\n<meta property=\"article:modified_time\" content=\"2019-01-25T15:29:30+00:00\" \/>\n<meta name=\"twitter:card\" content=\"summary_large_image\" \/>\n<meta name=\"twitter:label1\" content=\"Est. reading time\" \/>\n\t<meta name=\"twitter:data1\" content=\"10 minutes\" \/>\n<script type=\"application\/ld+json\" class=\"yoast-schema-graph\">{\"@context\":\"https:\/\/schema.org\",\"@graph\":[{\"@type\":\"WebPage\",\"@id\":\"https:\/\/www.leshabitationsmlc.com\/en\/about-us\/\",\"url\":\"https:\/\/www.leshabitationsmlc.com\/en\/about-us\/\",\"name\":\"General contractor construction renovation Laurentians - Les Habitations MLC\",\"isPartOf\":{\"@id\":\"https:\/\/www.leshabitationsmlc.com\/en\/#website\"},\"datePublished\":\"2019-01-08T18:54:27+00:00\",\"dateModified\":\"2019-01-25T15:29:30+00:00\",\"description\":\"Les Habitations MLC in Ste-Anne-des-Lacs, near St-Sauveur can provide all the personalized services for your construction or renovation project.\",\"breadcrumb\":{\"@id\":\"https:\/\/www.leshabitationsmlc.com\/en\/about-us\/#breadcrumb\"},\"inLanguage\":\"en-US\",\"potentialAction\":[{\"@type\":\"ReadAction\",\"target\":[\"https:\/\/www.leshabitationsmlc.com\/en\/about-us\/\"]}]},{\"@type\":\"BreadcrumbList\",\"@id\":\"https:\/\/www.leshabitationsmlc.com\/en\/about-us\/#breadcrumb\",\"itemListElement\":[{\"@type\":\"ListItem\",\"position\":1,\"name\":\"Accueil\",\"item\":\"https:\/\/www.leshabitationsmlc.com\/en\/\"},{\"@type\":\"ListItem\",\"position\":2,\"name\":\"About Us\"}]},{\"@type\":\"WebSite\",\"@id\":\"https:\/\/www.leshabitationsmlc.com\/en\/#website\",\"url\":\"https:\/\/www.leshabitationsmlc.com\/en\/\",\"name\":\"Les Habitations MLC\",\"description\":\"Entrepreneur g\u00e9n\u00e9ral\",\"publisher\":{\"@id\":\"https:\/\/www.leshabitationsmlc.com\/en\/#organization\"},\"potentialAction\":[{\"@type\":\"SearchAction\",\"target\":{\"@type\":\"EntryPoint\",\"urlTemplate\":\"https:\/\/www.leshabitationsmlc.com\/en\/?s={search_term_string}\"},\"query-input\":{\"@type\":\"PropertyValueSpecification\",\"valueRequired\":true,\"valueName\":\"search_term_string\"}}],\"inLanguage\":\"en-US\"},{\"@type\":\"Organization\",\"@id\":\"https:\/\/www.leshabitationsmlc.com\/en\/#organization\",\"name\":\"Les Habitations MLC\",\"url\":\"https:\/\/www.leshabitationsmlc.com\/en\/\",\"logo\":{\"@type\":\"ImageObject\",\"inLanguage\":\"en-US\",\"@id\":\"https:\/\/www.leshabitationsmlc.com\/en\/#\/schema\/logo\/image\/\",\"url\":\"https:\/\/www.leshabitationsmlc.com\/wp-content\/uploads\/2021\/02\/Les-Habitations-MLC.png\",\"contentUrl\":\"https:\/\/www.leshabitationsmlc.com\/wp-content\/uploads\/2021\/02\/Les-Habitations-MLC.png\",\"width\":240,\"height\":34,\"caption\":\"Les Habitations MLC\"},\"image\":{\"@id\":\"https:\/\/www.leshabitationsmlc.com\/en\/#\/schema\/logo\/image\/\"},\"sameAs\":[\"https:\/\/www.facebook.com\/Philippe.Nadeau.Entrepreneur\/\"]}]}<\/script>\n<!-- \/ Yoast SEO plugin. -->","yoast_head_json":{"title":"General contractor construction renovation Laurentians - Les Habitations MLC","description":"Les Habitations MLC in Ste-Anne-des-Lacs, near St-Sauveur can provide all the personalized services for your construction or renovation project.","robots":{"index":"index","follow":"follow","max-snippet":"max-snippet:-1","max-image-preview":"max-image-preview:large","max-video-preview":"max-video-preview:-1"},"canonical":"https:\/\/www.leshabitationsmlc.com\/en\/about-us\/","og_locale":"en_US","og_type":"article","og_title":"General contractor construction renovation Laurentians - Les Habitations MLC","og_description":"Les Habitations MLC in Ste-Anne-des-Lacs, near St-Sauveur can provide all the personalized services for your construction or renovation project.","og_url":"https:\/\/www.leshabitationsmlc.com\/en\/about-us\/","og_site_name":"Les Habitations MLC","article_publisher":"https:\/\/www.facebook.com\/Philippe.Nadeau.Entrepreneur\/","article_modified_time":"2019-01-25T15:29:30+00:00","twitter_card":"summary_large_image","twitter_misc":{"Est. reading time":"10 minutes"},"schema":{"@context":"https:\/\/schema.org","@graph":[{"@type":"WebPage","@id":"https:\/\/www.leshabitationsmlc.com\/en\/about-us\/","url":"https:\/\/www.leshabitationsmlc.com\/en\/about-us\/","name":"General contractor construction renovation Laurentians - Les Habitations MLC","isPartOf":{"@id":"https:\/\/www.leshabitationsmlc.com\/en\/#website"},"datePublished":"2019-01-08T18:54:27+00:00","dateModified":"2019-01-25T15:29:30+00:00","description":"Les Habitations MLC in Ste-Anne-des-Lacs, near St-Sauveur can provide all the personalized services for your construction or renovation project.","breadcrumb":{"@id":"https:\/\/www.leshabitationsmlc.com\/en\/about-us\/#breadcrumb"},"inLanguage":"en-US","potentialAction":[{"@type":"ReadAction","target":["https:\/\/www.leshabitationsmlc.com\/en\/about-us\/"]}]},{"@type":"BreadcrumbList","@id":"https:\/\/www.leshabitationsmlc.com\/en\/about-us\/#breadcrumb","itemListElement":[{"@type":"ListItem","position":1,"name":"Accueil","item":"https:\/\/www.leshabitationsmlc.com\/en\/"},{"@type":"ListItem","position":2,"name":"About Us"}]},{"@type":"WebSite","@id":"https:\/\/www.leshabitationsmlc.com\/en\/#website","url":"https:\/\/www.leshabitationsmlc.com\/en\/","name":"Les Habitations MLC","description":"Entrepreneur g\u00e9n\u00e9ral","publisher":{"@id":"https:\/\/www.leshabitationsmlc.com\/en\/#organization"},"potentialAction":[{"@type":"SearchAction","target":{"@type":"EntryPoint","urlTemplate":"https:\/\/www.leshabitationsmlc.com\/en\/?s={search_term_string}"},"query-input":{"@type":"PropertyValueSpecification","valueRequired":true,"valueName":"search_term_string"}}],"inLanguage":"en-US"},{"@type":"Organization","@id":"https:\/\/www.leshabitationsmlc.com\/en\/#organization","name":"Les Habitations MLC","url":"https:\/\/www.leshabitationsmlc.com\/en\/","logo":{"@type":"ImageObject","inLanguage":"en-US","@id":"https:\/\/www.leshabitationsmlc.com\/en\/#\/schema\/logo\/image\/","url":"https:\/\/www.leshabitationsmlc.com\/wp-content\/uploads\/2021\/02\/Les-Habitations-MLC.png","contentUrl":"https:\/\/www.leshabitationsmlc.com\/wp-content\/uploads\/2021\/02\/Les-Habitations-MLC.png","width":240,"height":34,"caption":"Les Habitations MLC"},"image":{"@id":"https:\/\/www.leshabitationsmlc.com\/en\/#\/schema\/logo\/image\/"},"sameAs":["https:\/\/www.facebook.com\/Philippe.Nadeau.Entrepreneur\/"]}]}},"_links":{"self":[{"href":"https:\/\/www.leshabitationsmlc.com\/en\/wp-json\/wp\/v2\/pages\/1283","targetHints":{"allow":["GET"]}}],"collection":[{"href":"https:\/\/www.leshabitationsmlc.com\/en\/wp-json\/wp\/v2\/pages"}],"about":[{"href":"https:\/\/www.leshabitationsmlc.com\/en\/wp-json\/wp\/v2\/types\/page"}],"author":[{"embeddable":true,"href":"https:\/\/www.leshabitationsmlc.com\/en\/wp-json\/wp\/v2\/users\/1"}],"replies":[{"embeddable":true,"href":"https:\/\/www.leshabitationsmlc.com\/en\/wp-json\/wp\/v2\/comments?post=1283"}],"version-history":[{"count":3,"href":"https:\/\/www.leshabitationsmlc.com\/en\/wp-json\/wp\/v2\/pages\/1283\/revisions"}],"predecessor-version":[{"id":1457,"href":"https:\/\/www.leshabitationsmlc.com\/en\/wp-json\/wp\/v2\/pages\/1283\/revisions\/1457"}],"wp:attachment":[{"href":"https:\/\/www.leshabitationsmlc.com\/en\/wp-json\/wp\/v2\/media?parent=1283"}],"curies":[{"name":"wp","href":"https:\/\/api.w.org\/{rel}","templated":true}]}}