{"id":1293,"date":"2019-01-08T15:27:01","date_gmt":"2019-01-08T20:27:01","guid":{"rendered":"https:\/\/www.leshabitationsmlc.com\/?page_id=1293"},"modified":"2021-02-09T13:21:07","modified_gmt":"2021-02-09T18:21:07","slug":"nous-joindre","status":"publish","type":"page","link":"https:\/\/www.leshabitationsmlc.com\/fr\/nous-joindre\/","title":{"rendered":"Nous joindre"},"content":{"rendered":"<p><div class=\"fusion-bg-parallax\" data-bg-align=\"left bottom\" data-direction=\"up\" data-mute=\"false\" data-opacity=\"100\" data-velocity=\"-0.3\" data-mobile-enabled=\"false\" data-break_parents=\"0\" data-bg-image=\"https:\/\/www.leshabitationsmlc.com\/wp-content\/uploads\/2018\/11\/contact-banner.jpg\" data-bg-repeat=\"false\" ><\/div><div class=\"fusion-fullwidth fullwidth-box fusion-builder-row-1 fusion-parallax-up nonhundred-percent-fullwidth non-hundred-percent-height-scrolling\" style=\"--awb-background-position:left bottom;--awb-border-radius-top-left:0px;--awb-border-radius-top-right:0px;--awb-border-radius-bottom-right:0px;--awb-border-radius-bottom-left:0px;--awb-padding-top:130px;--awb-padding-bottom:120px;--awb-background-image:url(&quot;https:\/\/www.leshabitationsmlc.com\/wp-content\/uploads\/2018\/11\/contact-banner.jpg&quot;);--awb-background-size:cover;--awb-border-sizes-top:0px;--awb-border-sizes-bottom:0px;--awb-flex-wrap:wrap;\" ><div class=\"fusion-builder-row fusion-row\"><div class=\"fusion-layout-column fusion_builder_column fusion-builder-column-0 fusion_builder_column_2_3 2_3 fusion-two-third fusion-column-first\" style=\"--awb-bg-size:cover;width:65.3333%; margin-right: 4%;\"><div class=\"fusion-column-wrapper fusion-flex-column-wrapper-legacy\"><div class=\"fusion-text fusion-text-1\"><h2><span style=\"color: #ffffff;\">CONTACTEZ-NOUS<\/span><\/h2>\n<p><span style=\"color: #ffffff;\">Parlez-nous de votre projet de construction ou r\u00e9novation de votre maison ou chalet dans les Laurentides<\/span><\/p>\n<\/div><div class=\"fusion-sep-clear\"><\/div><div class=\"fusion-separator fusion-full-width-sep\" style=\"margin-left: auto;margin-right: auto;margin-top:20px;width:100%;\"><\/div><div class=\"fusion-sep-clear\"><\/div><div class=\"fusion-clearfix\"><\/div><\/div><\/div><div class=\"fusion-layout-column fusion_builder_column fusion-builder-column-1 fusion_builder_column_1_3 1_3 fusion-one-third fusion-column-last\" style=\"--awb-bg-size:cover;width:30.6666%;\"><div class=\"fusion-column-wrapper fusion-flex-column-wrapper-legacy\"><div class=\"fusion-clearfix\"><\/div><\/div><\/div><\/div><\/div><div class=\"fusion-fullwidth fullwidth-box fusion-builder-row-2 nonhundred-percent-fullwidth non-hundred-percent-height-scrolling\" style=\"--awb-background-position:center bottom;--awb-border-radius-top-left:0px;--awb-border-radius-top-right:0px;--awb-border-radius-bottom-right:0px;--awb-border-radius-bottom-left:0px;--awb-padding-top:130px;--awb-padding-bottom:110px;--awb-border-sizes-top:0px;--awb-border-sizes-bottom:0px;--awb-flex-wrap:wrap;\" ><div class=\"fusion-builder-row fusion-row\"><div class=\"fusion-layout-column fusion_builder_column fusion-builder-column-2 fusion_builder_column_1_2 1_2 fusion-one-half fusion-column-first\" style=\"--awb-bg-size:cover;width:48%; margin-right: 4%;\"><div class=\"fusion-column-wrapper fusion-flex-column-wrapper-legacy\"><div class=\"fusion-text fusion-text-2\"><p>Veuillez compl\u00e9ter le formulaire. Nous vous contacterons rapidement. Merci de votre int\u00e9r\u00eat !<\/p>\n<\/div>\n<div class=\"wpcf7 no-js\" id=\"wpcf7-f5-o1\" lang=\"fr-CA\" dir=\"ltr\" data-wpcf7-id=\"5\">\n<div class=\"screen-reader-response\"><p role=\"status\" aria-live=\"polite\" aria-atomic=\"true\"><\/p> <ul><\/ul><\/div>\n<form action=\"\/fr\/wp-json\/wp\/v2\/pages\/1293#wpcf7-f5-o1\" method=\"post\" class=\"wpcf7-form init\" aria-label=\"Contact form\" novalidate=\"novalidate\" data-status=\"init\">\n<fieldset class=\"hidden-fields-container\"><input type=\"hidden\" name=\"_wpcf7\" value=\"5\" \/><input type=\"hidden\" name=\"_wpcf7_version\" value=\"6.1.3\" \/><input type=\"hidden\" name=\"_wpcf7_locale\" value=\"fr_CA\" \/><input type=\"hidden\" name=\"_wpcf7_unit_tag\" value=\"wpcf7-f5-o1\" \/><input type=\"hidden\" name=\"_wpcf7_container_post\" value=\"0\" \/><input type=\"hidden\" name=\"_wpcf7_posted_data_hash\" value=\"\" \/>\n<\/fieldset>\n<div style=\"color: #232321; text-transform: uppercase;\">\n\t<p><label> Votre Nom (requis)<br \/>\n<span class=\"wpcf7-form-control-wrap\" data-name=\"your-name\"><input size=\"40\" maxlength=\"400\" class=\"wpcf7-form-control wpcf7-text wpcf7-validates-as-required\" aria-required=\"true\" aria-invalid=\"false\" value=\"\" type=\"text\" name=\"your-name\" \/><\/span> <\/label>\n\t<\/p>\n\t<p><label> Votre courriel (requis)<br \/>\n<span class=\"wpcf7-form-control-wrap\" data-name=\"your-email\"><input size=\"40\" maxlength=\"400\" class=\"wpcf7-form-control wpcf7-email wpcf7-validates-as-required wpcf7-text wpcf7-validates-as-email\" aria-required=\"true\" aria-invalid=\"false\" value=\"\" type=\"email\" name=\"your-email\" \/><\/span> <\/label>\n\t<\/p>\n\t<p><label> Sujet<br \/>\n<span class=\"wpcf7-form-control-wrap\" data-name=\"your-subject\"><input size=\"40\" maxlength=\"400\" class=\"wpcf7-form-control wpcf7-text\" aria-invalid=\"false\" value=\"\" type=\"text\" name=\"your-subject\" \/><\/span> <\/label>\n\t<\/p>\n\t<p><label> Votre Message<br \/>\n<span class=\"wpcf7-form-control-wrap\" data-name=\"your-message\"><textarea cols=\"40\" rows=\"10\" maxlength=\"2000\" class=\"wpcf7-form-control wpcf7-textarea\" aria-invalid=\"false\" name=\"your-message\"><\/textarea><\/span> <\/label>\n\t<\/p>\n\t<p><input class=\"wpcf7-form-control wpcf7-submit has-spinner\" type=\"submit\" value=\"Envoyer\" \/>\n\t<\/p>\n<\/div><div class=\"fusion-alert alert custom alert-custom fusion-alert-center wpcf7-response-output fusion-alert-capitalize awb-alert-native-link-color alert-dismissable awb-alert-close-boxed\" style=\"--awb-border-top-left-radius:0px;--awb-border-top-right-radius:0px;--awb-border-bottom-left-radius:0px;--awb-border-bottom-right-radius:0px;\" role=\"alert\"><div class=\"fusion-alert-content-wrapper\"><span class=\"fusion-alert-content\"><\/span><\/div><button type=\"button\" class=\"close toggle-alert\" data-dismiss=\"alert\" aria-label=\"Close\">&times;<\/button><\/div>\n<\/form>\n<\/div>\n<div class=\"fusion-clearfix\"><\/div><\/div><\/div><div class=\"fusion-layout-column fusion_builder_column fusion-builder-column-3 fusion_builder_column_1_2 1_2 fusion-one-half fusion-column-last\" style=\"--awb-bg-size:cover;width:48%;\"><div class=\"fusion-column-wrapper fusion-flex-column-wrapper-legacy\"><a class=\"fusion-modal-text-link\" href=\"#\"><iframe style=\"border: 0;\" src=\"https:\/\/www.google.com\/maps\/embed?pb=!1m18!1m12!1m3!1d2778.1833650249846!2d-74.12286704885797!3d45.86764091435078!2m3!1f0!2f0!3f0!3m2!1i1024!2i768!4f13.1!3m3!1m2!1s0x4ccf301fd40347fb%3A0x27797e020abe6e15!2s631+Chemin+de+Ste+Anne+des+Lacs%2C+Sainte-Anne-des-Lacs%2C+QC+J0R+1B0!5e0!3m2!1sfr!2sca!4v1548693704558\" width=\"560\" height=\"240\" frameborder=\"0\" allowfullscreen=\"allowfullscreen\"><\/iframe><\/a><div class=\"fusion-sep-clear\"><\/div><div class=\"fusion-separator fusion-full-width-sep\" style=\"margin-left: auto;margin-right: auto;margin-top:40px;width:100%;\"><\/div><div class=\"fusion-sep-clear\"><\/div><div class=\"fusion-text fusion-text-3\"><p><strong><span style=\"color: #232321;\">LES HABITATIONS MLC<\/span><\/strong><br \/>\n<span style=\"color: #232321;\"> 631 Chemin Sainte-Anne-des-Lacs,<\/span><br \/>\n<span style=\"color: #232321;\"> Sainte-Anne-des-Lacs, Qu\u00e9bec<\/span><br \/>\n<span style=\"color: #232321;\"> J0R 1B0<\/span><br \/>\n<span style=\"color: #232321;\"><strong> T\u00e9l\u00e9phone<\/strong>: 450-224-5501<\/span><br \/>\n<span style=\"color: #232321;\"><strong> T\u00e9l\u00e9phone<\/strong>: 450-224-9914<\/span><br \/>\n<span style=\"color: #232321;\"><strong> Courriel<\/strong>: <a style=\"color: #232321;\" href=\"mailto:philippe@leshabitationsmlc.com\">philippe@leshabitationsmlc.com<\/a><\/span><br \/>\n<span style=\"color: #232321;\"> <b>Heures d\u2019ouverture<\/b>: Lundi au vendredi de 7h \u00e0 18h<\/span><\/p>\n<\/div><div class=\"fusion-clearfix\"><\/div><\/div><\/div><\/div><\/div><\/p>\n","protected":false},"excerpt":{"rendered":"","protected":false},"author":1,"featured_media":0,"parent":0,"menu_order":0,"comment_status":"closed","ping_status":"closed","template":"100-width.php","meta":{"footnotes":""},"class_list":["post-1293","page","type-page","status-publish","hentry"],"yoast_head":"<!-- This site is optimized with the Yoast SEO plugin v26.3 - https:\/\/yoast.com\/wordpress\/plugins\/seo\/ -->\n<title>Construction de maison - Laurentides - Les Habitations MLC<\/title>\n<meta name=\"description\" content=\"Pour nous contacter si vous avez un projet de construction ou r\u00e9novation de votre maison ou chalet dans les Laurentides, r\u00e9gion de Saint-Sauveur.\" \/>\n<meta name=\"robots\" content=\"index, follow, max-snippet:-1, max-image-preview:large, max-video-preview:-1\" \/>\n<link rel=\"canonical\" href=\"https:\/\/www.leshabitationsmlc.com\/fr\/nous-joindre\/\" \/>\n<meta property=\"og:locale\" content=\"fr_FR\" \/>\n<meta property=\"og:type\" content=\"article\" \/>\n<meta property=\"og:title\" content=\"Construction de maison - Laurentides - Les Habitations MLC\" \/>\n<meta property=\"og:description\" content=\"Pour nous contacter si vous avez un projet de construction ou r\u00e9novation de votre maison ou chalet dans les Laurentides, r\u00e9gion de Saint-Sauveur.\" \/>\n<meta property=\"og:url\" content=\"https:\/\/www.leshabitationsmlc.com\/fr\/nous-joindre\/\" \/>\n<meta property=\"og:site_name\" content=\"Les Habitations MLC\" \/>\n<meta property=\"article:publisher\" content=\"https:\/\/www.facebook.com\/Philippe.Nadeau.Entrepreneur\/\" \/>\n<meta property=\"article:modified_time\" content=\"2021-02-09T18:21:07+00:00\" \/>\n<meta name=\"twitter:card\" content=\"summary_large_image\" \/>\n<meta name=\"twitter:label1\" content=\"Dur\u00e9e de lecture estim\u00e9e\" \/>\n\t<meta name=\"twitter:data1\" content=\"4 minutes\" \/>\n<script type=\"application\/ld+json\" class=\"yoast-schema-graph\">{\"@context\":\"https:\/\/schema.org\",\"@graph\":[{\"@type\":\"WebPage\",\"@id\":\"https:\/\/www.leshabitationsmlc.com\/fr\/nous-joindre\/\",\"url\":\"https:\/\/www.leshabitationsmlc.com\/fr\/nous-joindre\/\",\"name\":\"Construction de maison - Laurentides - Les Habitations MLC\",\"isPartOf\":{\"@id\":\"https:\/\/www.leshabitationsmlc.com\/fr\/#website\"},\"datePublished\":\"2019-01-08T20:27:01+00:00\",\"dateModified\":\"2021-02-09T18:21:07+00:00\",\"description\":\"Pour nous contacter si vous avez un projet de construction ou r\u00e9novation de votre maison ou chalet dans les Laurentides, r\u00e9gion de Saint-Sauveur.\",\"breadcrumb\":{\"@id\":\"https:\/\/www.leshabitationsmlc.com\/fr\/nous-joindre\/#breadcrumb\"},\"inLanguage\":\"fr-FR\",\"potentialAction\":[{\"@type\":\"ReadAction\",\"target\":[\"https:\/\/www.leshabitationsmlc.com\/fr\/nous-joindre\/\"]}]},{\"@type\":\"BreadcrumbList\",\"@id\":\"https:\/\/www.leshabitationsmlc.com\/fr\/nous-joindre\/#breadcrumb\",\"itemListElement\":[{\"@type\":\"ListItem\",\"position\":1,\"name\":\"Accueil\",\"item\":\"https:\/\/www.leshabitationsmlc.com\/fr\/\"},{\"@type\":\"ListItem\",\"position\":2,\"name\":\"Nous joindre\"}]},{\"@type\":\"WebSite\",\"@id\":\"https:\/\/www.leshabitationsmlc.com\/fr\/#website\",\"url\":\"https:\/\/www.leshabitationsmlc.com\/fr\/\",\"name\":\"Les Habitations MLC\",\"description\":\"Entrepreneur g\u00e9n\u00e9ral\",\"publisher\":{\"@id\":\"https:\/\/www.leshabitationsmlc.com\/fr\/#organization\"},\"potentialAction\":[{\"@type\":\"SearchAction\",\"target\":{\"@type\":\"EntryPoint\",\"urlTemplate\":\"https:\/\/www.leshabitationsmlc.com\/fr\/?s={search_term_string}\"},\"query-input\":{\"@type\":\"PropertyValueSpecification\",\"valueRequired\":true,\"valueName\":\"search_term_string\"}}],\"inLanguage\":\"fr-FR\"},{\"@type\":\"Organization\",\"@id\":\"https:\/\/www.leshabitationsmlc.com\/fr\/#organization\",\"name\":\"Les Habitations MLC\",\"url\":\"https:\/\/www.leshabitationsmlc.com\/fr\/\",\"logo\":{\"@type\":\"ImageObject\",\"inLanguage\":\"fr-FR\",\"@id\":\"https:\/\/www.leshabitationsmlc.com\/fr\/#\/schema\/logo\/image\/\",\"url\":\"https:\/\/www.leshabitationsmlc.com\/wp-content\/uploads\/2021\/02\/Les-Habitations-MLC.png\",\"contentUrl\":\"https:\/\/www.leshabitationsmlc.com\/wp-content\/uploads\/2021\/02\/Les-Habitations-MLC.png\",\"width\":240,\"height\":34,\"caption\":\"Les Habitations MLC\"},\"image\":{\"@id\":\"https:\/\/www.leshabitationsmlc.com\/fr\/#\/schema\/logo\/image\/\"},\"sameAs\":[\"https:\/\/www.facebook.com\/Philippe.Nadeau.Entrepreneur\/\"]}]}<\/script>\n<!-- \/ Yoast SEO plugin. -->","yoast_head_json":{"title":"Construction de maison - Laurentides - Les Habitations MLC","description":"Pour nous contacter si vous avez un projet de construction ou r\u00e9novation de votre maison ou chalet dans les Laurentides, r\u00e9gion de Saint-Sauveur.","robots":{"index":"index","follow":"follow","max-snippet":"max-snippet:-1","max-image-preview":"max-image-preview:large","max-video-preview":"max-video-preview:-1"},"canonical":"https:\/\/www.leshabitationsmlc.com\/fr\/nous-joindre\/","og_locale":"fr_FR","og_type":"article","og_title":"Construction de maison - Laurentides - Les Habitations MLC","og_description":"Pour nous contacter si vous avez un projet de construction ou r\u00e9novation de votre maison ou chalet dans les Laurentides, r\u00e9gion de Saint-Sauveur.","og_url":"https:\/\/www.leshabitationsmlc.com\/fr\/nous-joindre\/","og_site_name":"Les Habitations MLC","article_publisher":"https:\/\/www.facebook.com\/Philippe.Nadeau.Entrepreneur\/","article_modified_time":"2021-02-09T18:21:07+00:00","twitter_card":"summary_large_image","twitter_misc":{"Dur\u00e9e de lecture estim\u00e9e":"4 minutes"},"schema":{"@context":"https:\/\/schema.org","@graph":[{"@type":"WebPage","@id":"https:\/\/www.leshabitationsmlc.com\/fr\/nous-joindre\/","url":"https:\/\/www.leshabitationsmlc.com\/fr\/nous-joindre\/","name":"Construction de maison - Laurentides - Les Habitations MLC","isPartOf":{"@id":"https:\/\/www.leshabitationsmlc.com\/fr\/#website"},"datePublished":"2019-01-08T20:27:01+00:00","dateModified":"2021-02-09T18:21:07+00:00","description":"Pour nous contacter si vous avez un projet de construction ou r\u00e9novation de votre maison ou chalet dans les Laurentides, r\u00e9gion de Saint-Sauveur.","breadcrumb":{"@id":"https:\/\/www.leshabitationsmlc.com\/fr\/nous-joindre\/#breadcrumb"},"inLanguage":"fr-FR","potentialAction":[{"@type":"ReadAction","target":["https:\/\/www.leshabitationsmlc.com\/fr\/nous-joindre\/"]}]},{"@type":"BreadcrumbList","@id":"https:\/\/www.leshabitationsmlc.com\/fr\/nous-joindre\/#breadcrumb","itemListElement":[{"@type":"ListItem","position":1,"name":"Accueil","item":"https:\/\/www.leshabitationsmlc.com\/fr\/"},{"@type":"ListItem","position":2,"name":"Nous joindre"}]},{"@type":"WebSite","@id":"https:\/\/www.leshabitationsmlc.com\/fr\/#website","url":"https:\/\/www.leshabitationsmlc.com\/fr\/","name":"Les Habitations MLC","description":"Entrepreneur g\u00e9n\u00e9ral","publisher":{"@id":"https:\/\/www.leshabitationsmlc.com\/fr\/#organization"},"potentialAction":[{"@type":"SearchAction","target":{"@type":"EntryPoint","urlTemplate":"https:\/\/www.leshabitationsmlc.com\/fr\/?s={search_term_string}"},"query-input":{"@type":"PropertyValueSpecification","valueRequired":true,"valueName":"search_term_string"}}],"inLanguage":"fr-FR"},{"@type":"Organization","@id":"https:\/\/www.leshabitationsmlc.com\/fr\/#organization","name":"Les Habitations MLC","url":"https:\/\/www.leshabitationsmlc.com\/fr\/","logo":{"@type":"ImageObject","inLanguage":"fr-FR","@id":"https:\/\/www.leshabitationsmlc.com\/fr\/#\/schema\/logo\/image\/","url":"https:\/\/www.leshabitationsmlc.com\/wp-content\/uploads\/2021\/02\/Les-Habitations-MLC.png","contentUrl":"https:\/\/www.leshabitationsmlc.com\/wp-content\/uploads\/2021\/02\/Les-Habitations-MLC.png","width":240,"height":34,"caption":"Les Habitations MLC"},"image":{"@id":"https:\/\/www.leshabitationsmlc.com\/fr\/#\/schema\/logo\/image\/"},"sameAs":["https:\/\/www.facebook.com\/Philippe.Nadeau.Entrepreneur\/"]}]}},"_links":{"self":[{"href":"https:\/\/www.leshabitationsmlc.com\/fr\/wp-json\/wp\/v2\/pages\/1293","targetHints":{"allow":["GET"]}}],"collection":[{"href":"https:\/\/www.leshabitationsmlc.com\/fr\/wp-json\/wp\/v2\/pages"}],"about":[{"href":"https:\/\/www.leshabitationsmlc.com\/fr\/wp-json\/wp\/v2\/types\/page"}],"author":[{"embeddable":true,"href":"https:\/\/www.leshabitationsmlc.com\/fr\/wp-json\/wp\/v2\/users\/1"}],"replies":[{"embeddable":true,"href":"https:\/\/www.leshabitationsmlc.com\/fr\/wp-json\/wp\/v2\/comments?post=1293"}],"version-history":[{"count":3,"href":"https:\/\/www.leshabitationsmlc.com\/fr\/wp-json\/wp\/v2\/pages\/1293\/revisions"}],"predecessor-version":[{"id":1509,"href":"https:\/\/www.leshabitationsmlc.com\/fr\/wp-json\/wp\/v2\/pages\/1293\/revisions\/1509"}],"wp:attachment":[{"href":"https:\/\/www.leshabitationsmlc.com\/fr\/wp-json\/wp\/v2\/media?parent=1293"}],"curies":[{"name":"wp","href":"https:\/\/api.w.org\/{rel}","templated":true}]}}