{"id":555,"date":"2015-06-30T20:11:12","date_gmt":"2015-07-01T00:11:12","guid":{"rendered":"https:\/\/www.leshabitationsmlc.com\/?page_id=555"},"modified":"2021-02-09T12:45:09","modified_gmt":"2021-02-09T17:45:09","slug":"expertise","status":"publish","type":"page","link":"https:\/\/www.leshabitationsmlc.com\/fr\/expertise\/","title":{"rendered":"Expertise"},"content":{"rendered":"<p><div class=\"fusion-bg-parallax\" data-bg-align=\"center center\" data-direction=\"up\" data-mute=\"false\" data-opacity=\"100\" data-velocity=\"-0.3\" data-mobile-enabled=\"false\" data-break_parents=\"0\" data-bg-image=\"https:\/\/www.leshabitationsmlc.com\/wp-content\/uploads\/2018\/11\/expertise-banner.jpg\" data-bg-repeat=\"false\" ><\/div><div class=\"fusion-fullwidth fullwidth-box fusion-builder-row-1 fusion-parallax-up nonhundred-percent-fullwidth non-hundred-percent-height-scrolling\" style=\"--awb-border-radius-top-left:0px;--awb-border-radius-top-right:0px;--awb-border-radius-bottom-right:0px;--awb-border-radius-bottom-left:0px;--awb-padding-top:130px;--awb-padding-bottom:120px;--awb-background-image:url(&quot;https:\/\/www.leshabitationsmlc.com\/wp-content\/uploads\/2018\/11\/expertise-banner.jpg&quot;);--awb-background-size:cover;--awb-border-sizes-top:0px;--awb-border-sizes-bottom:0px;--awb-flex-wrap:wrap;\" ><div class=\"fusion-builder-row fusion-row\"><div class=\"fusion-layout-column fusion_builder_column fusion-builder-column-0 fusion_builder_column_1_2 1_2 fusion-one-half fusion-column-first\" style=\"--awb-bg-size:cover;width:48%; margin-right: 4%;\"><div class=\"fusion-column-wrapper fusion-flex-column-wrapper-legacy\"><div class=\"fusion-text fusion-text-1\"><h2><span style=\"color: #ffffff;\">EXPERTISE<\/span><\/h2>\n<\/div><div class=\"fusion-sep-clear\"><\/div><div class=\"fusion-separator fusion-full-width-sep\" style=\"margin-left: auto;margin-right: auto;margin-top:20px;width:100%;\"><\/div><div class=\"fusion-sep-clear\"><\/div><div class=\"fusion-clearfix\"><\/div><\/div><\/div><div class=\"fusion-layout-column fusion_builder_column fusion-builder-column-1 fusion_builder_column_1_2 1_2 fusion-one-half fusion-column-last\" style=\"--awb-bg-size:cover;width:48%;\"><div class=\"fusion-column-wrapper fusion-flex-column-wrapper-legacy\"><div class=\"fusion-clearfix\"><\/div><\/div><\/div><\/div><\/div><div class=\"fusion-fullwidth fullwidth-box fusion-builder-row-2 nonhundred-percent-fullwidth non-hundred-percent-height-scrolling\" style=\"--awb-background-position:left top;--awb-border-radius-top-left:0px;--awb-border-radius-top-right:0px;--awb-border-radius-bottom-right:0px;--awb-border-radius-bottom-left:0px;--awb-padding-top:130px;--awb-padding-bottom:130px;--awb-border-sizes-top:0px;--awb-border-sizes-bottom:0px;--awb-flex-wrap:wrap;\" ><div class=\"fusion-builder-row fusion-row\"><div class=\"fusion-layout-column fusion_builder_column fusion-builder-column-2 fusion_builder_column_2_3 2_3 fusion-two-third fusion-column-first\" style=\"--awb-bg-size:cover;width:65.3333%; margin-right: 4%;\"><div class=\"fusion-column-wrapper fusion-flex-column-wrapper-legacy\"><div class=\"fusion-text fusion-text-2\"><h2>NOTRE APPROCHE<\/h2>\n<\/div><div class=\"fusion-sep-clear\"><\/div><div class=\"fusion-separator fusion-clearfix\" style=\"float:left;margin-top:0px;margin-bottom:35px;width:100%;max-width:170px;\"><div class=\"fusion-separator-border sep-single sep-solid\" style=\"--awb-height:20px;--awb-amount:20px;--awb-sep-color:#e2e3e8;border-color:#e2e3e8;border-top-width:3px;\"><\/div><\/div><div class=\"fusion-sep-clear\"><\/div><div class=\"fusion-text fusion-text-3\"><h2><\/h2>\n<p>En choisissant Les Habitations MLC, vous choisissez un entrepreneur g\u00e9n\u00e9ral qui est bien plus qu\u2019un simple constructeur de maisons neuves.<\/p>\n<p>Nous d\u00e9veloppons une relation authentique avec vous qui va au-del\u00e0 de notre mandat de constructeur.<\/p>\n<\/div><div class=\"fusion-text fusion-text-4\"><h3 style=\"text-align: center;\">\u00c9coute, empathie et respect<\/h3>\n<\/div><div class=\"fusion-text fusion-text-5\"><h2><\/h2>\n<p>Nous avons des standards de qualit\u00e9 \u00e9lev\u00e9s. Nous sommes \u00e0 l\u2019\u00e9coute de vos besoins pour comprendre vos go\u00fbts, vos d\u00e9sirs et vos r\u00eaves.<\/p>\n<p>Nos relations avec nos clients sont comme nos maisons\u00a0: durables et chaleureuses !<\/p>\n<p>Notre lien de confiance et de collaboration avec vous continuent m\u00eame apr\u00e8s la fin des travaux de construction ou de r\u00e9novation de votre maison.<\/p>\n<\/div><div class=\"fusion-text fusion-text-6\"><p style=\"text-align: center;\"><strong>C\u2019est ce qui nous distingue.<\/strong><\/p>\n<p>Nous \u0153uvrons dans les Laurentides depuis plus d&rsquo;une g\u00e9n\u00e9ration. C\u2019est avec passion que nous pouvons construire sur mesure la maison neuve dont vous r\u00eavez.<\/p>\n<\/div><div class=\"fusion-clearfix\"><\/div><\/div><\/div><div class=\"fusion-layout-column fusion_builder_column fusion-builder-column-3 fusion_builder_column_1_3 1_3 fusion-one-third fusion-column-last\" style=\"--awb-bg-size:cover;width:30.6666%;\"><div class=\"fusion-column-wrapper fusion-flex-column-wrapper-legacy\"><div class=\"fusion-image-element in-legacy-container\" style=\"--awb-caption-title-font-family:var(--h2_typography-font-family);--awb-caption-title-font-weight:var(--h2_typography-font-weight);--awb-caption-title-font-style:var(--h2_typography-font-style);--awb-caption-title-size:var(--h2_typography-font-size);--awb-caption-title-transform:var(--h2_typography-text-transform);--awb-caption-title-line-height:var(--h2_typography-line-height);--awb-caption-title-letter-spacing:var(--h2_typography-letter-spacing);\"><span class=\" fusion-imageframe imageframe-none imageframe-1 hover-type-zoomin fusion-animated\" data-animationType=\"fadeInDown\" data-animationDuration=\"1.0\" data-animationOffset=\"top-into-view\"><a href=\"https:\/\/www.leshabitationsmlc.com\/wp-content\/uploads\/2018\/11\/int1-21-205x300.jpg\" class=\"fusion-lightbox\" data-rel=\"iLightbox[a8aab64d19a0aabafac]\" data-title=\"Entreprise de construction\" title=\"Entreprise de construction\"><img decoding=\"async\" width=\"205\" height=\"300\" alt=\"Entreprise de construction\" src=\"https:\/\/www.leshabitationsmlc.com\/wp-content\/uploads\/2018\/11\/int1-21-205x300.jpg\" class=\"img-responsive wp-image-970\" srcset=\"https:\/\/www.leshabitationsmlc.com\/wp-content\/uploads\/2018\/11\/int1-21-200x293.jpg 200w, https:\/\/www.leshabitationsmlc.com\/wp-content\/uploads\/2018\/11\/int1-21-400x585.jpg 400w, https:\/\/www.leshabitationsmlc.com\/wp-content\/uploads\/2018\/11\/int1-21-600x878.jpg 600w, https:\/\/www.leshabitationsmlc.com\/wp-content\/uploads\/2018\/11\/int1-21.jpg 750w\" sizes=\"(max-width: 800px) 100vw, 400px\" \/><\/a><\/span><\/div><div class=\"fusion-clearfix\"><\/div><\/div><\/div><\/div><\/div><div class=\"fusion-fullwidth fullwidth-box fusion-builder-row-3 fusion-parallax-none nonhundred-percent-fullwidth non-hundred-percent-height-scrolling\" style=\"--awb-border-radius-top-left:0px;--awb-border-radius-top-right:0px;--awb-border-radius-bottom-right:0px;--awb-border-radius-bottom-left:0px;--awb-padding-top:110px;--awb-padding-bottom:50px;--awb-background-image:url(&quot;https:\/\/www.leshabitationsmlc.com\/wp-content\/uploads\/2018\/11\/expertise-bg-1.jpg&quot;);--awb-background-size:cover;--awb-border-sizes-top:0px;--awb-border-sizes-bottom:0px;--awb-flex-wrap:wrap;\" ><div class=\"fusion-builder-row fusion-row\"><div class=\"fusion-layout-column fusion_builder_column fusion-builder-column-4 fusion_builder_column_1_3 1_3 fusion-one-third fusion-column-first\" style=\"--awb-bg-position:right center;--awb-bg-size:cover;--awb-border-color:#ffffff;--awb-border-right:3px;--awb-border-style:solid;--awb-margin-bottom:0px;width:30.6666%; margin-right: 4%;\"><div class=\"fusion-column-wrapper fusion-flex-column-wrapper-legacy\"><div class=\"fusion-text fusion-text-7\"><\/div><div class=\"fusion-clearfix\"><\/div><\/div><\/div><div class=\"fusion-layout-column fusion_builder_column fusion-builder-column-5 fusion_builder_column_2_3 2_3 fusion-two-third fusion-column-last\" style=\"--awb-bg-size:cover;--awb-margin-bottom:100px;width:65.3333%;\"><div class=\"fusion-column-wrapper fusion-flex-column-wrapper-legacy\"><div class=\"fusion-text fusion-text-8\"><h3><span style=\"color: #ffffff;\"><em>Votre projet sera g\u00e9r\u00e9 par un vrai professionnel !<\/em><\/span><\/h3>\n<\/div><div class=\"fusion-clearfix\"><\/div><\/div><\/div><\/div><\/div><div class=\"fusion-fullwidth fullwidth-box fusion-builder-row-4 nonhundred-percent-fullwidth non-hundred-percent-height-scrolling\" style=\"--awb-background-position:left top;--awb-border-radius-top-left:0px;--awb-border-radius-top-right:0px;--awb-border-radius-bottom-right:0px;--awb-border-radius-bottom-left:0px;--awb-padding-top:130px;--awb-padding-bottom:130px;--awb-border-sizes-top:0px;--awb-border-sizes-bottom:0px;--awb-flex-wrap:wrap;\" ><div class=\"fusion-builder-row fusion-row\"><div class=\"fusion-layout-column fusion_builder_column fusion-builder-column-6 fusion_builder_column_1_2 1_2 fusion-one-half fusion-column-first\" style=\"--awb-bg-size:cover;width:48%; margin-right: 4%;\"><div class=\"fusion-column-wrapper fusion-flex-column-wrapper-legacy\"><div class=\"fusion-text fusion-text-9\"><h2>NOS VALEURS<\/h2>\n<\/div><div class=\"fusion-sep-clear\"><\/div><div class=\"fusion-separator fusion-clearfix\" style=\"float:left;margin-top:0px;margin-bottom:35px;width:100%;max-width:170px;\"><div class=\"fusion-separator-border sep-single sep-solid\" style=\"--awb-height:20px;--awb-amount:20px;--awb-sep-color:#e2e3e8;border-color:#e2e3e8;border-top-width:3px;\"><\/div><\/div><div class=\"fusion-sep-clear\"><\/div><ul style=\"--awb-iconcolor:#000000;--awb-line-height:23.8px;--awb-icon-width:23.8px;--awb-icon-height:23.8px;--awb-icon-margin:9.8px;--awb-content-margin:33.6px;--awb-circlecolor:rgba(255,255,255,0);--awb-circle-yes-font-size:12.32px;\" class=\"fusion-checklist fusion-checklist-1 fusion-checklist-default type-icons\"><li class=\"fusion-li-item\" style=\"\"><span class=\"icon-wrapper circle-yes\"><i class=\"fusion-li-icon fa-check fas\" aria-hidden=\"true\"><\/i><\/span><div class=\"fusion-li-item-content\">\n<p>Toujours livrer ce qui a \u00e9t\u00e9 promis: vous ne serez jamais d\u00e9\u00e7u<\/p>\n<\/div><\/li><li class=\"fusion-li-item\" style=\"\"><span class=\"icon-wrapper circle-yes\"><i class=\"fusion-li-icon fa-check fas\" aria-hidden=\"true\"><\/i><\/span><div class=\"fusion-li-item-content\">\n<p>Respecter notre client\u00e8le: nous avons une culture de respect pour nos clients, nos employ\u00e9s et nos fournisseurs<\/p>\n<\/div><\/li><li class=\"fusion-li-item\" style=\"\"><span class=\"icon-wrapper circle-yes\"><i class=\"fusion-li-icon fa-check fas\" aria-hidden=\"true\"><\/i><\/span><div class=\"fusion-li-item-content\">Retirer de la fiert\u00e9 du travail que nous accomplissons: nous sommes des experts en construction et r\u00e9novation r\u00e9sidentielle<\/div><\/li><li class=\"fusion-li-item\" style=\"\"><span class=\"icon-wrapper circle-yes\"><i class=\"fusion-li-icon fa-check fas\" aria-hidden=\"true\"><\/i><\/span><div class=\"fusion-li-item-content\">\u00catre \u00e0 l&rsquo;avant garde: nous sommes \u00e0 l\u2019aff\u00fbt des nouveaux proc\u00e9d\u00e9s et mat\u00e9riaux<\/div><\/li><\/ul><div class=\"fusion-clearfix\"><\/div><\/div><\/div><div class=\"fusion-layout-column fusion_builder_column fusion-builder-column-7 fusion_builder_column_1_2 1_2 fusion-one-half fusion-column-last\" style=\"--awb-bg-size:cover;width:48%;\"><div class=\"fusion-column-wrapper fusion-flex-column-wrapper-legacy\"><div class=\"fusion-image-element in-legacy-container\" style=\"--awb-caption-title-font-family:var(--h2_typography-font-family);--awb-caption-title-font-weight:var(--h2_typography-font-weight);--awb-caption-title-font-style:var(--h2_typography-font-style);--awb-caption-title-size:var(--h2_typography-font-size);--awb-caption-title-transform:var(--h2_typography-text-transform);--awb-caption-title-line-height:var(--h2_typography-line-height);--awb-caption-title-letter-spacing:var(--h2_typography-letter-spacing);\"><span class=\" fusion-imageframe imageframe-none imageframe-2 hover-type-zoomin fusion-animated\" data-animationType=\"fadeInDown\" data-animationDuration=\"1.0\" data-animationOffset=\"top-into-view\"><a href=\"https:\/\/www.leshabitationsmlc.com\/wp-content\/uploads\/2018\/11\/25in-9-300x203.jpg\" class=\"fusion-lightbox\" data-rel=\"iLightbox[a844bee1bec6338ebf3]\" data-title=\"Entreprise de construction\" title=\"Entreprise de construction\"><img decoding=\"async\" width=\"300\" height=\"203\" alt=\"Entreprise de construction\" src=\"https:\/\/www.leshabitationsmlc.com\/wp-content\/uploads\/2018\/11\/25in-9-300x203.jpg\" class=\"img-responsive wp-image-973\" srcset=\"https:\/\/www.leshabitationsmlc.com\/wp-content\/uploads\/2018\/11\/25in-9-200x135.jpg 200w, https:\/\/www.leshabitationsmlc.com\/wp-content\/uploads\/2018\/11\/25in-9-400x271.jpg 400w, https:\/\/www.leshabitationsmlc.com\/wp-content\/uploads\/2018\/11\/25in-9-600x406.jpg 600w, https:\/\/www.leshabitationsmlc.com\/wp-content\/uploads\/2018\/11\/25in-9.jpg 800w\" sizes=\"(max-width: 800px) 100vw, 600px\" \/><\/a><\/span><\/div><div class=\"fusion-clearfix\"><\/div><\/div><\/div><\/div><\/div><div class=\"fusion-bg-parallax\" data-bg-align=\"left top\" data-direction=\"up\" data-mute=\"false\" data-opacity=\"100\" data-velocity=\"-0.3\" data-mobile-enabled=\"false\" data-break_parents=\"0\" data-bg-image=\"https:\/\/www.leshabitationsmlc.com\/wp-content\/uploads\/2018\/11\/expertise-bg-2.jpg\" data-bg-repeat=\"false\" ><\/div><div class=\"fusion-fullwidth fullwidth-box fusion-builder-row-5 fusion-parallax-up nonhundred-percent-fullwidth non-hundred-percent-height-scrolling\" style=\"--awb-background-position:left top;--awb-border-radius-top-left:0px;--awb-border-radius-top-right:0px;--awb-border-radius-bottom-right:0px;--awb-border-radius-bottom-left:0px;--awb-padding-top:95px;--awb-padding-bottom:75px;--awb-background-image:url(&quot;https:\/\/www.leshabitationsmlc.com\/wp-content\/uploads\/2018\/11\/expertise-bg-2.jpg&quot;);--awb-background-size:cover;--awb-border-sizes-top:0px;--awb-border-sizes-bottom:0px;--awb-flex-wrap:wrap;\" ><div class=\"fusion-builder-row fusion-row\"><div class=\"fusion-layout-column fusion_builder_column fusion-builder-column-8 fusion_builder_column_1_1 1_1 fusion-one-full fusion-column-first fusion-column-last fusion-column-no-min-height\" style=\"--awb-bg-size:cover;--awb-margin-bottom:0px;\"><div class=\"fusion-column-wrapper fusion-flex-column-wrapper-legacy\"><div class=\"fusion-testimonials clean awb-speech-bubble-show fusion-testimonials-1\" style=\"--awb-textcolor:#ffffff;--awb-backgroundcolor:rgba(255,255,255,0);--awb-testimonial-border-style:solid;--awb-testimonial-border-color:var(--awb-color3);--awb-border-top-left-radius:0px;--awb-border-top-right-radius:0px;--awb-border-bottom-left-radius:0px;--awb-border-bottom-right-radius:0px;--testimonial-border-width-top:0px;--testimonial-border-width-right:0px;--testimonial-border-width-bottom:0px;--testimonial-border-width-left:0px;\" data-random=\"0\" data-speed=\"14000\"><div class=\"reviews\"><div class=\"review active-testimonial avatar-above no-avatar\"><blockquote class=\"testimonials-shortcode-blockquote\"><div class=\"awb-quote\"><div class=\"awb-quote-content\">\n<p>Un projet agr\u00e9able\u2026 une belle aventure \u2026 de bons conseils et sensible \u00e0 nos besoins.<\/p>\n<p>Un projet termin\u00e9 dans le d\u00e9lai promis et d\u2019une qualit\u00e9 exceptionnelle.<\/p>\n<p>Merci Philippe<\/p>\n<\/div><\/div><\/blockquote><div class=\"author\"><span class=\"company-name\"><strong>Jenny Hachez et Alain Simard Gagn\u00e9<\/strong><\/span><\/div><\/div><div class=\"review avatar-above no-avatar\"><blockquote class=\"testimonials-shortcode-blockquote\"><div class=\"awb-quote\"><div class=\"awb-quote-content\">\n<p style=\"text-align: left;\">B\u00e2tir ma maison avec Philippe fut agr\u00e9able du d\u00e9but \u00e0 la fin et apr\u00e8s aussi.<\/p>\n<p style=\"text-align: left;\">Philippe est toujours pr\u00e9sent apr\u00e8s aussi. Les d\u00e9tails sont sa force, toujours \u00e0 revoir ce que l\u2019on souhaite vraiment et il n\u2019a pas peur d\u2019ajuster les plans en chemin!<\/p>\n<p style=\"text-align: left;\">\u00c0 la fois ouvert aux nouvelles id\u00e9es et nouveaux mat\u00e9riaux, Philippe est toujours conservateur en mati\u00e8re de qualit\u00e9.<\/p>\n<p style=\"text-align: left;\">Ma satisfaction fut telle que Philippe a b\u00e2ti ma seconde maison quelques ann\u00e9es plus tard ! On nage dans la confiance ici !<\/p>\n<\/div><\/div><\/blockquote><div class=\"author\"><span class=\"company-name\"><strong>Viviane Loranger Bolduc<\/strong><\/span><\/div><\/div><\/div><\/div><div class=\"fusion-clearfix\"><\/div><\/div><\/div><\/div><\/div><div class=\"fusion-fullwidth fullwidth-box fusion-builder-row-6 nonhundred-percent-fullwidth non-hundred-percent-height-scrolling\" style=\"--awb-border-radius-top-left:0px;--awb-border-radius-top-right:0px;--awb-border-radius-bottom-right:0px;--awb-border-radius-bottom-left:0px;--awb-padding-top:110px;--awb-padding-bottom:50px;--awb-background-color:#005941;--awb-border-sizes-top:0px;--awb-border-sizes-bottom:0px;--awb-flex-wrap:wrap;\" ><div class=\"fusion-builder-row fusion-row\"><div class=\"fusion-layout-column fusion_builder_column fusion-builder-column-9 fusion_builder_column_1_1 1_1 fusion-one-full fusion-column-first fusion-column-last\" style=\"--awb-bg-size:cover;--awb-margin-bottom:100px;\"><div class=\"fusion-column-wrapper fusion-flex-column-wrapper-legacy\"><div class=\"fusion-text fusion-text-10\"><h3 style=\"text-align: center;\"><span style=\"color: #ffffff;\"><em>Vous avez un projet de construction d&rsquo;une maison neuve ou de r\u00e9novation dans les Laurentides?<\/em><\/span><\/h3>\n<p style=\"color: #ffffff; text-align: center;\">Contactez-nous ! Il nous fera plaisir de discuter avec vous<\/p>\n<h3 style=\"text-align: center;\"><span style=\"color: #ffffff;\">(450) 224-5501<\/span><\/h3>\n<p style=\"color: #ffffff; text-align: center;\">Num\u00e9ro d\u2019entrepreneur g\u00e9n\u00e9ral\u00a0R.B.Q\u00a02641-8657<\/p>\n<\/div><div class=\"fusion-clearfix\"><\/div><\/div><\/div><\/div><\/div><\/p>\n","protected":false},"excerpt":{"rendered":"","protected":false},"author":1,"featured_media":0,"parent":0,"menu_order":0,"comment_status":"closed","ping_status":"closed","template":"100-width.php","meta":{"footnotes":""},"class_list":["post-555","page","type-page","status-publish","hentry"],"yoast_head":"<!-- This site is optimized with the Yoast SEO plugin v26.3 - https:\/\/yoast.com\/wordpress\/plugins\/seo\/ -->\n<title>Entreprise construction r\u00e9novation de maisons - Habitations MLC<\/title>\n<meta name=\"description\" content=\"Nous construisons et r\u00e9novons des maisons durables et chaleureuses dans les Laurentides depuis 1987 avec des standards de qualit\u00e9 tr\u00e8s \u00e9lev\u00e9s.\" \/>\n<meta name=\"robots\" content=\"index, follow, max-snippet:-1, max-image-preview:large, max-video-preview:-1\" \/>\n<link rel=\"canonical\" href=\"https:\/\/www.leshabitationsmlc.com\/fr\/expertise\/\" \/>\n<meta property=\"og:locale\" content=\"fr_FR\" \/>\n<meta property=\"og:type\" content=\"article\" \/>\n<meta property=\"og:title\" content=\"Entreprise construction r\u00e9novation de maisons - Habitations MLC\" \/>\n<meta property=\"og:description\" content=\"Nous construisons et r\u00e9novons des maisons durables et chaleureuses dans les Laurentides depuis 1987 avec des standards de qualit\u00e9 tr\u00e8s \u00e9lev\u00e9s.\" \/>\n<meta property=\"og:url\" content=\"https:\/\/www.leshabitationsmlc.com\/fr\/expertise\/\" \/>\n<meta property=\"og:site_name\" content=\"Les Habitations MLC\" \/>\n<meta property=\"article:publisher\" content=\"https:\/\/www.facebook.com\/Philippe.Nadeau.Entrepreneur\/\" \/>\n<meta property=\"article:modified_time\" content=\"2021-02-09T17:45:09+00:00\" \/>\n<meta name=\"twitter:card\" content=\"summary_large_image\" \/>\n<meta name=\"twitter:label1\" content=\"Dur\u00e9e de lecture estim\u00e9e\" \/>\n\t<meta name=\"twitter:data1\" content=\"12 minutes\" \/>\n<script type=\"application\/ld+json\" class=\"yoast-schema-graph\">{\"@context\":\"https:\/\/schema.org\",\"@graph\":[{\"@type\":\"WebPage\",\"@id\":\"https:\/\/www.leshabitationsmlc.com\/fr\/expertise\/\",\"url\":\"https:\/\/www.leshabitationsmlc.com\/fr\/expertise\/\",\"name\":\"Entreprise construction r\u00e9novation de maisons - Habitations MLC\",\"isPartOf\":{\"@id\":\"https:\/\/www.leshabitationsmlc.com\/fr\/#website\"},\"datePublished\":\"2015-07-01T00:11:12+00:00\",\"dateModified\":\"2021-02-09T17:45:09+00:00\",\"description\":\"Nous construisons et r\u00e9novons des maisons durables et chaleureuses dans les Laurentides depuis 1987 avec des standards de qualit\u00e9 tr\u00e8s \u00e9lev\u00e9s.\",\"breadcrumb\":{\"@id\":\"https:\/\/www.leshabitationsmlc.com\/fr\/expertise\/#breadcrumb\"},\"inLanguage\":\"fr-FR\",\"potentialAction\":[{\"@type\":\"ReadAction\",\"target\":[\"https:\/\/www.leshabitationsmlc.com\/fr\/expertise\/\"]}]},{\"@type\":\"BreadcrumbList\",\"@id\":\"https:\/\/www.leshabitationsmlc.com\/fr\/expertise\/#breadcrumb\",\"itemListElement\":[{\"@type\":\"ListItem\",\"position\":1,\"name\":\"Accueil\",\"item\":\"https:\/\/www.leshabitationsmlc.com\/fr\/\"},{\"@type\":\"ListItem\",\"position\":2,\"name\":\"Expertise\"}]},{\"@type\":\"WebSite\",\"@id\":\"https:\/\/www.leshabitationsmlc.com\/fr\/#website\",\"url\":\"https:\/\/www.leshabitationsmlc.com\/fr\/\",\"name\":\"Les Habitations MLC\",\"description\":\"Entrepreneur g\u00e9n\u00e9ral\",\"publisher\":{\"@id\":\"https:\/\/www.leshabitationsmlc.com\/fr\/#organization\"},\"potentialAction\":[{\"@type\":\"SearchAction\",\"target\":{\"@type\":\"EntryPoint\",\"urlTemplate\":\"https:\/\/www.leshabitationsmlc.com\/fr\/?s={search_term_string}\"},\"query-input\":{\"@type\":\"PropertyValueSpecification\",\"valueRequired\":true,\"valueName\":\"search_term_string\"}}],\"inLanguage\":\"fr-FR\"},{\"@type\":\"Organization\",\"@id\":\"https:\/\/www.leshabitationsmlc.com\/fr\/#organization\",\"name\":\"Les Habitations MLC\",\"url\":\"https:\/\/www.leshabitationsmlc.com\/fr\/\",\"logo\":{\"@type\":\"ImageObject\",\"inLanguage\":\"fr-FR\",\"@id\":\"https:\/\/www.leshabitationsmlc.com\/fr\/#\/schema\/logo\/image\/\",\"url\":\"https:\/\/www.leshabitationsmlc.com\/wp-content\/uploads\/2021\/02\/Les-Habitations-MLC.png\",\"contentUrl\":\"https:\/\/www.leshabitationsmlc.com\/wp-content\/uploads\/2021\/02\/Les-Habitations-MLC.png\",\"width\":240,\"height\":34,\"caption\":\"Les Habitations MLC\"},\"image\":{\"@id\":\"https:\/\/www.leshabitationsmlc.com\/fr\/#\/schema\/logo\/image\/\"},\"sameAs\":[\"https:\/\/www.facebook.com\/Philippe.Nadeau.Entrepreneur\/\"]}]}<\/script>\n<!-- \/ Yoast SEO plugin. -->","yoast_head_json":{"title":"Entreprise construction r\u00e9novation de maisons - Habitations MLC","description":"Nous construisons et r\u00e9novons des maisons durables et chaleureuses dans les Laurentides depuis 1987 avec des standards de qualit\u00e9 tr\u00e8s \u00e9lev\u00e9s.","robots":{"index":"index","follow":"follow","max-snippet":"max-snippet:-1","max-image-preview":"max-image-preview:large","max-video-preview":"max-video-preview:-1"},"canonical":"https:\/\/www.leshabitationsmlc.com\/fr\/expertise\/","og_locale":"fr_FR","og_type":"article","og_title":"Entreprise construction r\u00e9novation de maisons - Habitations MLC","og_description":"Nous construisons et r\u00e9novons des maisons durables et chaleureuses dans les Laurentides depuis 1987 avec des standards de qualit\u00e9 tr\u00e8s \u00e9lev\u00e9s.","og_url":"https:\/\/www.leshabitationsmlc.com\/fr\/expertise\/","og_site_name":"Les Habitations MLC","article_publisher":"https:\/\/www.facebook.com\/Philippe.Nadeau.Entrepreneur\/","article_modified_time":"2021-02-09T17:45:09+00:00","twitter_card":"summary_large_image","twitter_misc":{"Dur\u00e9e de lecture estim\u00e9e":"12 minutes"},"schema":{"@context":"https:\/\/schema.org","@graph":[{"@type":"WebPage","@id":"https:\/\/www.leshabitationsmlc.com\/fr\/expertise\/","url":"https:\/\/www.leshabitationsmlc.com\/fr\/expertise\/","name":"Entreprise construction r\u00e9novation de maisons - Habitations MLC","isPartOf":{"@id":"https:\/\/www.leshabitationsmlc.com\/fr\/#website"},"datePublished":"2015-07-01T00:11:12+00:00","dateModified":"2021-02-09T17:45:09+00:00","description":"Nous construisons et r\u00e9novons des maisons durables et chaleureuses dans les Laurentides depuis 1987 avec des standards de qualit\u00e9 tr\u00e8s \u00e9lev\u00e9s.","breadcrumb":{"@id":"https:\/\/www.leshabitationsmlc.com\/fr\/expertise\/#breadcrumb"},"inLanguage":"fr-FR","potentialAction":[{"@type":"ReadAction","target":["https:\/\/www.leshabitationsmlc.com\/fr\/expertise\/"]}]},{"@type":"BreadcrumbList","@id":"https:\/\/www.leshabitationsmlc.com\/fr\/expertise\/#breadcrumb","itemListElement":[{"@type":"ListItem","position":1,"name":"Accueil","item":"https:\/\/www.leshabitationsmlc.com\/fr\/"},{"@type":"ListItem","position":2,"name":"Expertise"}]},{"@type":"WebSite","@id":"https:\/\/www.leshabitationsmlc.com\/fr\/#website","url":"https:\/\/www.leshabitationsmlc.com\/fr\/","name":"Les Habitations MLC","description":"Entrepreneur g\u00e9n\u00e9ral","publisher":{"@id":"https:\/\/www.leshabitationsmlc.com\/fr\/#organization"},"potentialAction":[{"@type":"SearchAction","target":{"@type":"EntryPoint","urlTemplate":"https:\/\/www.leshabitationsmlc.com\/fr\/?s={search_term_string}"},"query-input":{"@type":"PropertyValueSpecification","valueRequired":true,"valueName":"search_term_string"}}],"inLanguage":"fr-FR"},{"@type":"Organization","@id":"https:\/\/www.leshabitationsmlc.com\/fr\/#organization","name":"Les Habitations MLC","url":"https:\/\/www.leshabitationsmlc.com\/fr\/","logo":{"@type":"ImageObject","inLanguage":"fr-FR","@id":"https:\/\/www.leshabitationsmlc.com\/fr\/#\/schema\/logo\/image\/","url":"https:\/\/www.leshabitationsmlc.com\/wp-content\/uploads\/2021\/02\/Les-Habitations-MLC.png","contentUrl":"https:\/\/www.leshabitationsmlc.com\/wp-content\/uploads\/2021\/02\/Les-Habitations-MLC.png","width":240,"height":34,"caption":"Les Habitations MLC"},"image":{"@id":"https:\/\/www.leshabitationsmlc.com\/fr\/#\/schema\/logo\/image\/"},"sameAs":["https:\/\/www.facebook.com\/Philippe.Nadeau.Entrepreneur\/"]}]}},"_links":{"self":[{"href":"https:\/\/www.leshabitationsmlc.com\/fr\/wp-json\/wp\/v2\/pages\/555","targetHints":{"allow":["GET"]}}],"collection":[{"href":"https:\/\/www.leshabitationsmlc.com\/fr\/wp-json\/wp\/v2\/pages"}],"about":[{"href":"https:\/\/www.leshabitationsmlc.com\/fr\/wp-json\/wp\/v2\/types\/page"}],"author":[{"embeddable":true,"href":"https:\/\/www.leshabitationsmlc.com\/fr\/wp-json\/wp\/v2\/users\/1"}],"replies":[{"embeddable":true,"href":"https:\/\/www.leshabitationsmlc.com\/fr\/wp-json\/wp\/v2\/comments?post=555"}],"version-history":[{"count":4,"href":"https:\/\/www.leshabitationsmlc.com\/fr\/wp-json\/wp\/v2\/pages\/555\/revisions"}],"predecessor-version":[{"id":1459,"href":"https:\/\/www.leshabitationsmlc.com\/fr\/wp-json\/wp\/v2\/pages\/555\/revisions\/1459"}],"wp:attachment":[{"href":"https:\/\/www.leshabitationsmlc.com\/fr\/wp-json\/wp\/v2\/media?parent=555"}],"curies":[{"name":"wp","href":"https:\/\/api.w.org\/{rel}","templated":true}]}}