{"id":643,"date":"2015-07-01T01:47:30","date_gmt":"2015-07-01T05:47:30","guid":{"rendered":"https:\/\/www.leshabitationsmlc.com\/?page_id=643"},"modified":"2021-02-09T12:43:54","modified_gmt":"2021-02-09T17:43:54","slug":"construction-neuves","status":"publish","type":"page","link":"https:\/\/www.leshabitationsmlc.com\/fr\/construction-neuves\/","title":{"rendered":"Construction neuves"},"content":{"rendered":"<p><div class=\"fusion-bg-parallax\" data-bg-align=\"center center\" data-direction=\"up\" data-mute=\"false\" data-opacity=\"100\" data-velocity=\"-0.3\" data-mobile-enabled=\"false\" data-break_parents=\"0\" data-bg-image=\"https:\/\/www.leshabitationsmlc.com\/wp-content\/uploads\/2018\/10\/home-bar-1-b.jpg\" data-bg-repeat=\"false\" ><\/div><div class=\"fusion-fullwidth fullwidth-box fusion-builder-row-1 fusion-parallax-up nonhundred-percent-fullwidth non-hundred-percent-height-scrolling\" style=\"--awb-border-radius-top-left:0px;--awb-border-radius-top-right:0px;--awb-border-radius-bottom-right:0px;--awb-border-radius-bottom-left:0px;--awb-padding-top:130px;--awb-padding-bottom:120px;--awb-background-image:url(&quot;https:\/\/www.leshabitationsmlc.com\/wp-content\/uploads\/2018\/10\/home-bar-1-b.jpg&quot;);--awb-background-size:cover;--awb-border-sizes-top:0px;--awb-border-sizes-bottom:0px;--awb-flex-wrap:wrap;\" ><div class=\"fusion-builder-row fusion-row\"><div class=\"fusion-layout-column fusion_builder_column fusion-builder-column-0 fusion_builder_column_2_3 2_3 fusion-two-third fusion-column-first\" style=\"--awb-bg-size:cover;width:65.3333%; margin-right: 4%;\"><div class=\"fusion-column-wrapper fusion-flex-column-wrapper-legacy\"><div class=\"fusion-text fusion-text-1\"><h2><span style=\"color: #ffffff;\">CONSTRUCTION DE VOTRE MAISON NEUVE \u00c9CO\u00c9NERG\u00c9TIQUE ET DURABLE<\/span><\/h2>\n<p><span style=\"color: #ffffff;\">Comme entrepreneur g\u00e9n\u00e9ral, nous favorisons une approche int\u00e9gr\u00e9e et personnalis\u00e9e<\/span><\/p>\n<\/div><div class=\"fusion-sep-clear\"><\/div><div class=\"fusion-separator fusion-full-width-sep\" style=\"margin-left: auto;margin-right: auto;margin-top:20px;width:100%;\"><\/div><div class=\"fusion-sep-clear\"><\/div><div class=\"fusion-clearfix\"><\/div><\/div><\/div><div class=\"fusion-layout-column fusion_builder_column fusion-builder-column-1 fusion_builder_column_1_3 1_3 fusion-one-third fusion-column-last\" style=\"--awb-bg-size:cover;width:30.6666%;\"><div class=\"fusion-column-wrapper fusion-flex-column-wrapper-legacy\"><div class=\"fusion-clearfix\"><\/div><\/div><\/div><\/div><\/div><div class=\"fusion-fullwidth fullwidth-box fusion-builder-row-2 nonhundred-percent-fullwidth non-hundred-percent-height-scrolling\" style=\"--awb-background-position:left top;--awb-border-radius-top-left:0px;--awb-border-radius-top-right:0px;--awb-border-radius-bottom-right:0px;--awb-border-radius-bottom-left:0px;--awb-padding-top:130px;--awb-padding-bottom:130px;--awb-border-sizes-top:0px;--awb-border-sizes-bottom:0px;--awb-flex-wrap:wrap;\" ><div class=\"fusion-builder-row fusion-row\"><div class=\"fusion-layout-column fusion_builder_column fusion-builder-column-2 fusion_builder_column_1_2 1_2 fusion-one-half fusion-column-first\" style=\"--awb-bg-size:cover;width:48%; margin-right: 4%;\"><div class=\"fusion-column-wrapper fusion-flex-column-wrapper-legacy\"><div class=\"fusion-text fusion-text-2\"><h2>Int\u00e9gr\u00e9e<\/h2>\n<\/div><div class=\"fusion-sep-clear\"><\/div><div class=\"fusion-separator fusion-clearfix\" style=\"float:left;margin-top:0px;margin-bottom:35px;width:100%;max-width:170px;\"><div class=\"fusion-separator-border sep-single sep-solid\" style=\"--awb-height:20px;--awb-amount:20px;--awb-sep-color:#e2e3e8;border-color:#e2e3e8;border-top-width:3px;\"><\/div><\/div><div class=\"fusion-sep-clear\"><\/div><div class=\"fusion-text fusion-text-3\"><h3><em>Parce que nous vous offrons un service complet en apportant une attention \u00e0 toutes les \u00e9tapes, de l\u2019excavation jusqu\u2019au nettoyage final de la maison et du terrain.<\/em><\/h3>\n<\/div><div class=\"fusion-text fusion-text-4\"><p>Tous nos sous-traitants (\u00e9lectriciens, plombiers, peintres, etc.) sont tri\u00e9s avec soin pour obtenir une qualit\u00e9 de travail et de finition exemplaires.<\/p>\n<p>Tous les fournisseurs et mat\u00e9riaux sont choisis avec une grande minutie, que ce soit pour le bois de structure, les portes et fen\u00eatres, les appareils de plomberie et de cuisine.<\/p>\n<\/div><div class=\"fusion-clearfix\"><\/div><\/div><\/div><div class=\"fusion-layout-column fusion_builder_column fusion-builder-column-3 fusion_builder_column_1_2 1_2 fusion-one-half fusion-column-last\" style=\"--awb-bg-size:cover;width:48%;\"><div class=\"fusion-column-wrapper fusion-flex-column-wrapper-legacy\"><div class=\"fusion-image-element in-legacy-container\" style=\"--awb-caption-title-font-family:var(--h2_typography-font-family);--awb-caption-title-font-weight:var(--h2_typography-font-weight);--awb-caption-title-font-style:var(--h2_typography-font-style);--awb-caption-title-size:var(--h2_typography-font-size);--awb-caption-title-transform:var(--h2_typography-text-transform);--awb-caption-title-line-height:var(--h2_typography-line-height);--awb-caption-title-letter-spacing:var(--h2_typography-letter-spacing);\"><span class=\" fusion-imageframe imageframe-none imageframe-1 hover-type-zoomin fusion-animated\" data-animationType=\"fadeInDown\" data-animationDuration=\"1.0\" data-animationOffset=\"top-into-view\"><a href=\"https:\/\/www.leshabitationsmlc.com\/wp-content\/uploads\/2018\/11\/25-9.jpg\" class=\"fusion-lightbox\" data-rel=\"iLightbox[f50468217fd9d7a3896]\" data-title=\"25-9\" title=\"25-9\"><img decoding=\"async\" width=\"800\" height=\"541\" src=\"https:\/\/www.leshabitationsmlc.com\/wp-content\/uploads\/2018\/11\/25-9.jpg\" alt class=\"img-responsive wp-image-981\" srcset=\"https:\/\/www.leshabitationsmlc.com\/wp-content\/uploads\/2018\/11\/25-9-200x135.jpg 200w, https:\/\/www.leshabitationsmlc.com\/wp-content\/uploads\/2018\/11\/25-9-400x271.jpg 400w, https:\/\/www.leshabitationsmlc.com\/wp-content\/uploads\/2018\/11\/25-9-600x406.jpg 600w, https:\/\/www.leshabitationsmlc.com\/wp-content\/uploads\/2018\/11\/25-9.jpg 800w\" sizes=\"(max-width: 800px) 100vw, 600px\" \/><\/a><\/span><\/div><div class=\"fusion-clearfix\"><\/div><\/div><\/div><\/div><\/div><div class=\"fusion-fullwidth fullwidth-box fusion-builder-row-3 fusion-parallax-none nonhundred-percent-fullwidth non-hundred-percent-height-scrolling\" style=\"--awb-border-radius-top-left:0px;--awb-border-radius-top-right:0px;--awb-border-radius-bottom-right:0px;--awb-border-radius-bottom-left:0px;--awb-padding-top:110px;--awb-padding-bottom:50px;--awb-background-image:url(&quot;https:\/\/www.leshabitationsmlc.com\/wp-content\/uploads\/2018\/11\/expertise-bg-2.jpg&quot;);--awb-background-size:cover;--awb-border-sizes-top:0px;--awb-border-sizes-bottom:0px;--awb-flex-wrap:wrap;\" ><div class=\"fusion-builder-row fusion-row\"><div class=\"fusion-layout-column fusion_builder_column fusion-builder-column-4 fusion_builder_column_1_3 1_3 fusion-one-third fusion-column-first\" style=\"--awb-bg-position:right center;--awb-bg-size:cover;--awb-border-color:#ffffff;--awb-border-style:solid;--awb-margin-bottom:0px;width:30.6666%; margin-right: 4%;\"><div class=\"fusion-column-wrapper fusion-flex-column-wrapper-legacy\"><div class=\"fusion-clearfix\"><\/div><\/div><\/div><div class=\"fusion-layout-column fusion_builder_column fusion-builder-column-5 fusion_builder_column_2_3 2_3 fusion-two-third fusion-column-last\" style=\"--awb-bg-size:cover;--awb-margin-bottom:100px;width:65.3333%;\"><div class=\"fusion-column-wrapper fusion-flex-column-wrapper-legacy\"><div class=\"fusion-text fusion-text-5\"><h3><span style=\"color: #ffffff;\"><em>Nous travaillons avec une passion, surtout dans nos relations avec vous !<br \/>\nUne exp\u00e9rience facile et agr\u00e9able bas\u00e9e sur la confiance<\/em><\/span><\/h3>\n<\/div><div class=\"fusion-clearfix\"><\/div><\/div><\/div><\/div><\/div><div class=\"fusion-fullwidth fullwidth-box fusion-builder-row-4 nonhundred-percent-fullwidth non-hundred-percent-height-scrolling\" style=\"--awb-background-position:left top;--awb-border-radius-top-left:0px;--awb-border-radius-top-right:0px;--awb-border-radius-bottom-right:0px;--awb-border-radius-bottom-left:0px;--awb-padding-top:130px;--awb-padding-bottom:130px;--awb-border-sizes-top:0px;--awb-border-sizes-bottom:0px;--awb-flex-wrap:wrap;\" ><div class=\"fusion-builder-row fusion-row\"><div class=\"fusion-layout-column fusion_builder_column fusion-builder-column-6 fusion_builder_column_1_2 1_2 fusion-one-half fusion-column-first\" style=\"--awb-bg-size:cover;width:48%; margin-right: 4%;\"><div class=\"fusion-column-wrapper fusion-flex-column-wrapper-legacy\"><div class=\"fusion-text fusion-text-6\"><h2>Personnalis\u00e9e<\/h2>\n<\/div><div class=\"fusion-sep-clear\"><\/div><div class=\"fusion-separator fusion-clearfix\" style=\"float:left;margin-top:0px;margin-bottom:35px;width:100%;max-width:170px;\"><div class=\"fusion-separator-border sep-single sep-solid\" style=\"--awb-height:20px;--awb-amount:20px;--awb-sep-color:#e2e3e8;border-color:#e2e3e8;border-top-width:3px;\"><\/div><\/div><div class=\"fusion-sep-clear\"><\/div><div class=\"fusion-text fusion-text-7\"><h3><em>Parce que vous obtiendrez une maison qui vous ressemble, selon vos go\u00fbts, votre personnalit\u00e9 et vos demandes sp\u00e9ciales.<\/em><\/h3>\n<\/div><div class=\"fusion-text fusion-text-8\"><p>Nous pouvons vous conseiller sur vos plans de maison\u00a0pour les adapter \u00e0 vos besoins et votre budget.<\/p>\n<p>Nous int\u00e9grons parfaitement votre maison dans son environnement, qu\u2019il soit champ\u00eatre, dans la nature ou dans un quartier r\u00e9sidentiel.<\/p>\n<\/div><div class=\"fusion-clearfix\"><\/div><\/div><\/div><div class=\"fusion-layout-column fusion_builder_column fusion-builder-column-7 fusion_builder_column_1_2 1_2 fusion-one-half fusion-column-last\" style=\"--awb-bg-size:cover;width:48%;\"><div class=\"fusion-column-wrapper fusion-flex-column-wrapper-legacy\"><div class=\"fusion-image-element in-legacy-container\" style=\"--awb-caption-title-font-family:var(--h2_typography-font-family);--awb-caption-title-font-weight:var(--h2_typography-font-weight);--awb-caption-title-font-style:var(--h2_typography-font-style);--awb-caption-title-size:var(--h2_typography-font-size);--awb-caption-title-transform:var(--h2_typography-text-transform);--awb-caption-title-line-height:var(--h2_typography-line-height);--awb-caption-title-letter-spacing:var(--h2_typography-letter-spacing);\"><span class=\" fusion-imageframe imageframe-none imageframe-2 hover-type-zoomin fusion-animated\" data-animationType=\"fadeInDown\" data-animationDuration=\"1.0\" data-animationOffset=\"top-into-view\"><a href=\"https:\/\/www.leshabitationsmlc.com\/wp-content\/uploads\/2018\/11\/25-13-300x203.jpg\" class=\"fusion-lightbox\" data-rel=\"iLightbox[f2bd7c0555086323d51]\" data-title=\"25-13\" title=\"25-13\"><img decoding=\"async\" width=\"300\" height=\"203\" alt=\"Construction maison neuve\" src=\"https:\/\/www.leshabitationsmlc.com\/wp-content\/uploads\/2018\/11\/25-13-300x203.jpg\" class=\"img-responsive wp-image-983\" srcset=\"https:\/\/www.leshabitationsmlc.com\/wp-content\/uploads\/2018\/11\/25-13-200x135.jpg 200w, https:\/\/www.leshabitationsmlc.com\/wp-content\/uploads\/2018\/11\/25-13-400x271.jpg 400w, https:\/\/www.leshabitationsmlc.com\/wp-content\/uploads\/2018\/11\/25-13-600x406.jpg 600w, https:\/\/www.leshabitationsmlc.com\/wp-content\/uploads\/2018\/11\/25-13.jpg 800w\" sizes=\"(max-width: 800px) 100vw, 600px\" \/><\/a><\/span><\/div><div class=\"fusion-clearfix\"><\/div><\/div><\/div><\/div><\/div><div class=\"fusion-fullwidth fullwidth-box fusion-builder-row-5 fusion-parallax-none nonhundred-percent-fullwidth non-hundred-percent-height-scrolling\" style=\"--awb-border-radius-top-left:0px;--awb-border-radius-top-right:0px;--awb-border-radius-bottom-right:0px;--awb-border-radius-bottom-left:0px;--awb-padding-top:110px;--awb-padding-bottom:50px;--awb-background-image:url(&quot;https:\/\/www.leshabitationsmlc.com\/wp-content\/uploads\/2018\/11\/expertise-bg-1.jpg&quot;);--awb-background-size:cover;--awb-border-sizes-top:0px;--awb-border-sizes-bottom:0px;--awb-flex-wrap:wrap;\" ><div class=\"fusion-builder-row fusion-row\"><div class=\"fusion-layout-column fusion_builder_column fusion-builder-column-8 fusion_builder_column_1_3 1_3 fusion-one-third fusion-column-first\" style=\"--awb-bg-position:right center;--awb-bg-size:cover;--awb-border-color:#ffffff;--awb-border-style:solid;--awb-margin-bottom:0px;width:30.6666%; margin-right: 4%;\"><div class=\"fusion-column-wrapper fusion-flex-column-wrapper-legacy\"><div class=\"fusion-clearfix\"><\/div><\/div><\/div><div class=\"fusion-layout-column fusion_builder_column fusion-builder-column-9 fusion_builder_column_2_3 2_3 fusion-two-third fusion-column-last\" style=\"--awb-bg-size:cover;--awb-margin-bottom:100px;width:65.3333%;\"><div class=\"fusion-column-wrapper fusion-flex-column-wrapper-legacy\"><div class=\"fusion-text fusion-text-9\"><h3><span style=\"color: #ffffff;\"><em>Vous obtenez ainsi votre maison de r\u00eave !<\/em><\/span><\/h3>\n<\/div><div class=\"fusion-clearfix\"><\/div><\/div><\/div><\/div><\/div><div class=\"fusion-fullwidth fullwidth-box fusion-builder-row-6 nonhundred-percent-fullwidth non-hundred-percent-height-scrolling\" style=\"--awb-background-position:left top;--awb-border-radius-top-left:0px;--awb-border-radius-top-right:0px;--awb-border-radius-bottom-right:0px;--awb-border-radius-bottom-left:0px;--awb-padding-top:35px;--awb-padding-bottom:75px;--awb-border-sizes-top:0px;--awb-border-sizes-bottom:0px;--awb-flex-wrap:wrap;\" ><div class=\"fusion-builder-row fusion-row\"><div class=\"fusion-layout-column fusion_builder_column fusion-builder-column-10 fusion_builder_column_1_1 1_1 fusion-one-full fusion-column-first fusion-column-last\" style=\"--awb-bg-size:cover;\"><div class=\"fusion-column-wrapper fusion-flex-column-wrapper-legacy\"><div class=\"fusion-text fusion-text-10\"><h3 style=\"text-align: center;\"><a href=\"\/realisations\">Consultez nos r\u00e9alisations de maisons neuves<\/a><\/h3>\n<h4 style=\"text-align: center;\">Constatez le travail professionnel que nous pouvons mettre \u00e0 votre service.<\/h4>\n<\/div><div class=\"fusion-text fusion-text-11\"><p style=\"text-align: center;\">Les Habitations MLC\u00a0: les sp\u00e9cialistes en maisons \u00e9co\u00e9nerg\u00e9tiques, durables et \u00e9nerg\u00e9tiques.<\/p>\n<\/div><div class=\"fusion-clearfix\"><\/div><\/div><\/div><\/div><\/div><div class=\"fusion-fullwidth fullwidth-box fusion-builder-row-7 nonhundred-percent-fullwidth non-hundred-percent-height-scrolling\" style=\"--awb-border-radius-top-left:0px;--awb-border-radius-top-right:0px;--awb-border-radius-bottom-right:0px;--awb-border-radius-bottom-left:0px;--awb-padding-top:110px;--awb-padding-bottom:50px;--awb-background-color:#005941;--awb-border-sizes-top:0px;--awb-border-sizes-bottom:0px;--awb-flex-wrap:wrap;\" ><div class=\"fusion-builder-row fusion-row\"><div class=\"fusion-layout-column fusion_builder_column fusion-builder-column-11 fusion_builder_column_1_1 1_1 fusion-one-full fusion-column-first fusion-column-last\" style=\"--awb-bg-size:cover;--awb-margin-bottom:100px;\"><div class=\"fusion-column-wrapper fusion-flex-column-wrapper-legacy\"><div class=\"fusion-text fusion-text-12\"><h3 style=\"text-align: center;\"><span style=\"color: #ffffff;\"><em>Vous voulez des informations sur les b\u00e2timents durables, \u00e9colos, <span style=\"color: #ffffff;\"><a style=\"color: #ffffff;\" href=\"http:\/\/www.novoclimat.ca\/\" target=\"_blank\" rel=\"noopener noreferrer\">Novoclimat<\/a> <\/span>et m\u00eame sur les normes LEED ?<\/em><\/span><\/h3>\n<p style=\"color: #ffffff; text-align: center;\">T\u00e9l\u00e9phonez-nous ! Il nous fera plaisir de vous aider<\/p>\n<h3 style=\"text-align: center;\"><span style=\"color: #ffffff;\">(450) 224-5501<\/span><\/h3>\n<\/div><div class=\"fusion-clearfix\"><\/div><\/div><\/div><\/div><\/div><\/p>\n","protected":false},"excerpt":{"rendered":"","protected":false},"author":1,"featured_media":0,"parent":0,"menu_order":0,"comment_status":"closed","ping_status":"closed","template":"100-width.php","meta":{"footnotes":""},"class_list":["post-643","page","type-page","status-publish","hentry"],"yoast_head":"<!-- This site is optimized with the Yoast SEO plugin v26.3 - https:\/\/yoast.com\/wordpress\/plugins\/seo\/ -->\n<title>Entrepreneur g\u00e9n\u00e9ral construction maison neuve - Habitations MLC<\/title>\n<meta name=\"description\" content=\"Situ\u00e9 tout pr\u00e8s de St-Sauveur, confiez-nous la construction de votre maison neuve \u00e9co\u00e9nerg\u00e9tique et durable, selon vos go\u00fbts et votre personnalit\u00e9.\" \/>\n<meta name=\"robots\" content=\"index, follow, max-snippet:-1, max-image-preview:large, max-video-preview:-1\" \/>\n<link rel=\"canonical\" href=\"https:\/\/www.leshabitationsmlc.com\/fr\/construction-neuves\/\" \/>\n<meta property=\"og:locale\" content=\"fr_FR\" \/>\n<meta property=\"og:type\" content=\"article\" \/>\n<meta property=\"og:title\" content=\"Entrepreneur g\u00e9n\u00e9ral construction maison neuve - Habitations MLC\" \/>\n<meta property=\"og:description\" content=\"Situ\u00e9 tout pr\u00e8s de St-Sauveur, confiez-nous la construction de votre maison neuve \u00e9co\u00e9nerg\u00e9tique et durable, selon vos go\u00fbts et votre personnalit\u00e9.\" \/>\n<meta property=\"og:url\" content=\"https:\/\/www.leshabitationsmlc.com\/fr\/construction-neuves\/\" \/>\n<meta property=\"og:site_name\" content=\"Les Habitations MLC\" \/>\n<meta property=\"article:publisher\" content=\"https:\/\/www.facebook.com\/Philippe.Nadeau.Entrepreneur\/\" \/>\n<meta property=\"article:modified_time\" content=\"2021-02-09T17:43:54+00:00\" \/>\n<meta name=\"twitter:card\" content=\"summary_large_image\" \/>\n<meta name=\"twitter:label1\" content=\"Dur\u00e9e de lecture estim\u00e9e\" \/>\n\t<meta name=\"twitter:data1\" content=\"12 minutes\" \/>\n<script type=\"application\/ld+json\" class=\"yoast-schema-graph\">{\"@context\":\"https:\/\/schema.org\",\"@graph\":[{\"@type\":\"WebPage\",\"@id\":\"https:\/\/www.leshabitationsmlc.com\/fr\/construction-neuves\/\",\"url\":\"https:\/\/www.leshabitationsmlc.com\/fr\/construction-neuves\/\",\"name\":\"Entrepreneur g\u00e9n\u00e9ral construction maison neuve - Habitations MLC\",\"isPartOf\":{\"@id\":\"https:\/\/www.leshabitationsmlc.com\/fr\/#website\"},\"datePublished\":\"2015-07-01T05:47:30+00:00\",\"dateModified\":\"2021-02-09T17:43:54+00:00\",\"description\":\"Situ\u00e9 tout pr\u00e8s de St-Sauveur, confiez-nous la construction de votre maison neuve \u00e9co\u00e9nerg\u00e9tique et durable, selon vos go\u00fbts et votre personnalit\u00e9.\",\"breadcrumb\":{\"@id\":\"https:\/\/www.leshabitationsmlc.com\/fr\/construction-neuves\/#breadcrumb\"},\"inLanguage\":\"fr-FR\",\"potentialAction\":[{\"@type\":\"ReadAction\",\"target\":[\"https:\/\/www.leshabitationsmlc.com\/fr\/construction-neuves\/\"]}]},{\"@type\":\"BreadcrumbList\",\"@id\":\"https:\/\/www.leshabitationsmlc.com\/fr\/construction-neuves\/#breadcrumb\",\"itemListElement\":[{\"@type\":\"ListItem\",\"position\":1,\"name\":\"Accueil\",\"item\":\"https:\/\/www.leshabitationsmlc.com\/fr\/\"},{\"@type\":\"ListItem\",\"position\":2,\"name\":\"Construction neuves\"}]},{\"@type\":\"WebSite\",\"@id\":\"https:\/\/www.leshabitationsmlc.com\/fr\/#website\",\"url\":\"https:\/\/www.leshabitationsmlc.com\/fr\/\",\"name\":\"Les Habitations MLC\",\"description\":\"Entrepreneur g\u00e9n\u00e9ral\",\"publisher\":{\"@id\":\"https:\/\/www.leshabitationsmlc.com\/fr\/#organization\"},\"potentialAction\":[{\"@type\":\"SearchAction\",\"target\":{\"@type\":\"EntryPoint\",\"urlTemplate\":\"https:\/\/www.leshabitationsmlc.com\/fr\/?s={search_term_string}\"},\"query-input\":{\"@type\":\"PropertyValueSpecification\",\"valueRequired\":true,\"valueName\":\"search_term_string\"}}],\"inLanguage\":\"fr-FR\"},{\"@type\":\"Organization\",\"@id\":\"https:\/\/www.leshabitationsmlc.com\/fr\/#organization\",\"name\":\"Les Habitations MLC\",\"url\":\"https:\/\/www.leshabitationsmlc.com\/fr\/\",\"logo\":{\"@type\":\"ImageObject\",\"inLanguage\":\"fr-FR\",\"@id\":\"https:\/\/www.leshabitationsmlc.com\/fr\/#\/schema\/logo\/image\/\",\"url\":\"https:\/\/www.leshabitationsmlc.com\/wp-content\/uploads\/2021\/02\/Les-Habitations-MLC.png\",\"contentUrl\":\"https:\/\/www.leshabitationsmlc.com\/wp-content\/uploads\/2021\/02\/Les-Habitations-MLC.png\",\"width\":240,\"height\":34,\"caption\":\"Les Habitations MLC\"},\"image\":{\"@id\":\"https:\/\/www.leshabitationsmlc.com\/fr\/#\/schema\/logo\/image\/\"},\"sameAs\":[\"https:\/\/www.facebook.com\/Philippe.Nadeau.Entrepreneur\/\"]}]}<\/script>\n<!-- \/ Yoast SEO plugin. -->","yoast_head_json":{"title":"Entrepreneur g\u00e9n\u00e9ral construction maison neuve - Habitations MLC","description":"Situ\u00e9 tout pr\u00e8s de St-Sauveur, confiez-nous la construction de votre maison neuve \u00e9co\u00e9nerg\u00e9tique et durable, selon vos go\u00fbts et votre personnalit\u00e9.","robots":{"index":"index","follow":"follow","max-snippet":"max-snippet:-1","max-image-preview":"max-image-preview:large","max-video-preview":"max-video-preview:-1"},"canonical":"https:\/\/www.leshabitationsmlc.com\/fr\/construction-neuves\/","og_locale":"fr_FR","og_type":"article","og_title":"Entrepreneur g\u00e9n\u00e9ral construction maison neuve - Habitations MLC","og_description":"Situ\u00e9 tout pr\u00e8s de St-Sauveur, confiez-nous la construction de votre maison neuve \u00e9co\u00e9nerg\u00e9tique et durable, selon vos go\u00fbts et votre personnalit\u00e9.","og_url":"https:\/\/www.leshabitationsmlc.com\/fr\/construction-neuves\/","og_site_name":"Les Habitations MLC","article_publisher":"https:\/\/www.facebook.com\/Philippe.Nadeau.Entrepreneur\/","article_modified_time":"2021-02-09T17:43:54+00:00","twitter_card":"summary_large_image","twitter_misc":{"Dur\u00e9e de lecture estim\u00e9e":"12 minutes"},"schema":{"@context":"https:\/\/schema.org","@graph":[{"@type":"WebPage","@id":"https:\/\/www.leshabitationsmlc.com\/fr\/construction-neuves\/","url":"https:\/\/www.leshabitationsmlc.com\/fr\/construction-neuves\/","name":"Entrepreneur g\u00e9n\u00e9ral construction maison neuve - Habitations MLC","isPartOf":{"@id":"https:\/\/www.leshabitationsmlc.com\/fr\/#website"},"datePublished":"2015-07-01T05:47:30+00:00","dateModified":"2021-02-09T17:43:54+00:00","description":"Situ\u00e9 tout pr\u00e8s de St-Sauveur, confiez-nous la construction de votre maison neuve \u00e9co\u00e9nerg\u00e9tique et durable, selon vos go\u00fbts et votre personnalit\u00e9.","breadcrumb":{"@id":"https:\/\/www.leshabitationsmlc.com\/fr\/construction-neuves\/#breadcrumb"},"inLanguage":"fr-FR","potentialAction":[{"@type":"ReadAction","target":["https:\/\/www.leshabitationsmlc.com\/fr\/construction-neuves\/"]}]},{"@type":"BreadcrumbList","@id":"https:\/\/www.leshabitationsmlc.com\/fr\/construction-neuves\/#breadcrumb","itemListElement":[{"@type":"ListItem","position":1,"name":"Accueil","item":"https:\/\/www.leshabitationsmlc.com\/fr\/"},{"@type":"ListItem","position":2,"name":"Construction neuves"}]},{"@type":"WebSite","@id":"https:\/\/www.leshabitationsmlc.com\/fr\/#website","url":"https:\/\/www.leshabitationsmlc.com\/fr\/","name":"Les Habitations MLC","description":"Entrepreneur g\u00e9n\u00e9ral","publisher":{"@id":"https:\/\/www.leshabitationsmlc.com\/fr\/#organization"},"potentialAction":[{"@type":"SearchAction","target":{"@type":"EntryPoint","urlTemplate":"https:\/\/www.leshabitationsmlc.com\/fr\/?s={search_term_string}"},"query-input":{"@type":"PropertyValueSpecification","valueRequired":true,"valueName":"search_term_string"}}],"inLanguage":"fr-FR"},{"@type":"Organization","@id":"https:\/\/www.leshabitationsmlc.com\/fr\/#organization","name":"Les Habitations MLC","url":"https:\/\/www.leshabitationsmlc.com\/fr\/","logo":{"@type":"ImageObject","inLanguage":"fr-FR","@id":"https:\/\/www.leshabitationsmlc.com\/fr\/#\/schema\/logo\/image\/","url":"https:\/\/www.leshabitationsmlc.com\/wp-content\/uploads\/2021\/02\/Les-Habitations-MLC.png","contentUrl":"https:\/\/www.leshabitationsmlc.com\/wp-content\/uploads\/2021\/02\/Les-Habitations-MLC.png","width":240,"height":34,"caption":"Les Habitations MLC"},"image":{"@id":"https:\/\/www.leshabitationsmlc.com\/fr\/#\/schema\/logo\/image\/"},"sameAs":["https:\/\/www.facebook.com\/Philippe.Nadeau.Entrepreneur\/"]}]}},"_links":{"self":[{"href":"https:\/\/www.leshabitationsmlc.com\/fr\/wp-json\/wp\/v2\/pages\/643","targetHints":{"allow":["GET"]}}],"collection":[{"href":"https:\/\/www.leshabitationsmlc.com\/fr\/wp-json\/wp\/v2\/pages"}],"about":[{"href":"https:\/\/www.leshabitationsmlc.com\/fr\/wp-json\/wp\/v2\/types\/page"}],"author":[{"embeddable":true,"href":"https:\/\/www.leshabitationsmlc.com\/fr\/wp-json\/wp\/v2\/users\/1"}],"replies":[{"embeddable":true,"href":"https:\/\/www.leshabitationsmlc.com\/fr\/wp-json\/wp\/v2\/comments?post=643"}],"version-history":[{"count":4,"href":"https:\/\/www.leshabitationsmlc.com\/fr\/wp-json\/wp\/v2\/pages\/643\/revisions"}],"predecessor-version":[{"id":1488,"href":"https:\/\/www.leshabitationsmlc.com\/fr\/wp-json\/wp\/v2\/pages\/643\/revisions\/1488"}],"wp:attachment":[{"href":"https:\/\/www.leshabitationsmlc.com\/fr\/wp-json\/wp\/v2\/media?parent=643"}],"curies":[{"name":"wp","href":"https:\/\/api.w.org\/{rel}","templated":true}]}}