{"id":897,"date":"2018-11-08T12:15:07","date_gmt":"2018-11-08T17:15:07","guid":{"rendered":"https:\/\/www.leshabitationsmlc.com\/?page_id=897"},"modified":"2021-02-09T13:18:48","modified_gmt":"2021-02-09T18:18:48","slug":"maisons-ecologiques-durables","status":"publish","type":"page","link":"https:\/\/www.leshabitationsmlc.com\/fr\/maisons-ecologiques-durables\/","title":{"rendered":"Maisons \u00e9cologiques durables"},"content":{"rendered":"<p><div class=\"fusion-bg-parallax\" data-bg-align=\"center bottom\" data-direction=\"up\" data-mute=\"false\" data-opacity=\"100\" data-velocity=\"-0.3\" data-mobile-enabled=\"false\" data-break_parents=\"0\" data-bg-image=\"https:\/\/www.leshabitationsmlc.com\/wp-content\/uploads\/2018\/11\/home4-1.jpg\" data-bg-repeat=\"false\" ><\/div><div class=\"fusion-fullwidth fullwidth-box fusion-builder-row-1 fusion-parallax-up nonhundred-percent-fullwidth non-hundred-percent-height-scrolling\" style=\"--awb-background-position:center bottom;--awb-border-radius-top-left:0px;--awb-border-radius-top-right:0px;--awb-border-radius-bottom-right:0px;--awb-border-radius-bottom-left:0px;--awb-padding-top:130px;--awb-padding-bottom:120px;--awb-background-image:url(&quot;https:\/\/www.leshabitationsmlc.com\/wp-content\/uploads\/2018\/11\/home4-1.jpg&quot;);--awb-background-size:cover;--awb-border-sizes-top:0px;--awb-border-sizes-bottom:0px;--awb-flex-wrap:wrap;\" ><div class=\"fusion-builder-row fusion-row\"><div class=\"fusion-layout-column fusion_builder_column fusion-builder-column-0 fusion_builder_column_2_3 2_3 fusion-two-third fusion-column-first\" style=\"--awb-bg-size:cover;width:65.3333%; margin-right: 4%;\"><div class=\"fusion-column-wrapper fusion-flex-column-wrapper-legacy\"><div class=\"fusion-text fusion-text-1\"><h2><span style=\"color: #ffffff;\">ENTREPRENEUR G\u00c9N\u00c9RAL EN CONSTRUCTION DE MAISONS \u00c9COLOGIQUES<\/span><\/h2>\n<p><span style=\"color: #ffffff;\">Une maison \u00e9cologique, \u00e9co\u00e9nerg\u00e9tique ou verte est une maison con\u00e7ue et construite \u00e0 l&rsquo;aide de mat\u00e9riaux et de technologies qui r\u00e9duisent son empreinte carbone et ses besoins en \u00e9nergie.<\/span><\/p>\n<\/div><div class=\"fusion-sep-clear\"><\/div><div class=\"fusion-separator fusion-full-width-sep\" style=\"margin-left: auto;margin-right: auto;margin-top:20px;width:100%;\"><\/div><div class=\"fusion-sep-clear\"><\/div><div class=\"fusion-clearfix\"><\/div><\/div><\/div><div class=\"fusion-layout-column fusion_builder_column fusion-builder-column-1 fusion_builder_column_1_3 1_3 fusion-one-third fusion-column-last\" style=\"--awb-bg-size:cover;width:30.6666%;\"><div class=\"fusion-column-wrapper fusion-flex-column-wrapper-legacy\"><div class=\"fusion-clearfix\"><\/div><\/div><\/div><\/div><\/div><div class=\"fusion-fullwidth fullwidth-box fusion-builder-row-2 nonhundred-percent-fullwidth non-hundred-percent-height-scrolling\" style=\"--awb-background-position:left top;--awb-border-radius-top-left:0px;--awb-border-radius-top-right:0px;--awb-border-radius-bottom-right:0px;--awb-border-radius-bottom-left:0px;--awb-padding-top:130px;--awb-padding-bottom:130px;--awb-border-sizes-top:0px;--awb-border-sizes-bottom:0px;--awb-flex-wrap:wrap;\" ><div class=\"fusion-builder-row fusion-row\"><div class=\"fusion-layout-column fusion_builder_column fusion-builder-column-2 fusion_builder_column_2_3 2_3 fusion-two-third fusion-column-first\" style=\"--awb-bg-size:cover;width:65.3333%; margin-right: 4%;\"><div class=\"fusion-column-wrapper fusion-flex-column-wrapper-legacy\"><div class=\"fusion-text fusion-text-2\"><h2>Avec un impact minimal sur son environnement<\/h2>\n<\/div><div class=\"fusion-sep-clear\"><\/div><div class=\"fusion-separator fusion-clearfix\" style=\"float:left;margin-top:0px;margin-bottom:35px;width:100%;max-width:170px;\"><div class=\"fusion-separator-border sep-single sep-solid\" style=\"--awb-height:20px;--awb-amount:20px;--awb-sep-color:#e2e3e8;border-color:#e2e3e8;border-top-width:3px;\"><\/div><\/div><div class=\"fusion-sep-clear\"><\/div><div class=\"fusion-text fusion-text-3\"><p>Une maison \u00e9co\u00e9nerg\u00e9tique peut comprendre notamment\u00a0:<\/p>\n<\/div><ul style=\"--awb-iconcolor:#000000;--awb-line-height:23.8px;--awb-icon-width:23.8px;--awb-icon-height:23.8px;--awb-icon-margin:9.8px;--awb-content-margin:33.6px;--awb-circlecolor:rgba(255,255,255,0);--awb-circle-yes-font-size:12.32px;\" class=\"fusion-checklist fusion-checklist-1 fusion-checklist-default type-icons\"><li class=\"fusion-li-item\" style=\"\"><span class=\"icon-wrapper circle-yes\"><i class=\"fusion-li-icon fa-check fas\" aria-hidden=\"true\"><\/i><\/span><div class=\"fusion-li-item-content\">Isolation et \u00e9tanch\u00e9it\u00e9 sup\u00e9rieures<\/div><\/li><li class=\"fusion-li-item\" style=\"\"><span class=\"icon-wrapper circle-yes\"><i class=\"fusion-li-icon fa-check fas\" aria-hidden=\"true\"><\/i><\/span><div class=\"fusion-li-item-content\">\n<p>Utilisation de mat\u00e9riaux moins polluants<\/p>\n<\/div><\/li><li class=\"fusion-li-item\" style=\"\"><span class=\"icon-wrapper circle-yes\"><i class=\"fusion-li-icon fa-check fas\" aria-hidden=\"true\"><\/i><\/span><div class=\"fusion-li-item-content\">Orientation solaire passive vers le sud pour le vitrage<\/div><\/li><li class=\"fusion-li-item\" style=\"\"><span class=\"icon-wrapper circle-yes\"><i class=\"fusion-li-icon fa-check fas\" aria-hidden=\"true\"><\/i><\/span><div class=\"fusion-li-item-content\">\n<p>Choix judicieux de produit locaux et durables<\/p>\n<\/div><\/li><li class=\"fusion-li-item\" style=\"\"><span class=\"icon-wrapper circle-yes\"><i class=\"fusion-li-icon fa-check fas\" aria-hidden=\"true\"><\/i><\/span><div class=\"fusion-li-item-content\">\n<p>Ventilation avec r\u00e9cup\u00e9ration de chaleur<\/p>\n<\/div><\/li><li class=\"fusion-li-item\" style=\"\"><span class=\"icon-wrapper circle-yes\"><i class=\"fusion-li-icon fa-check fas\" aria-hidden=\"true\"><\/i><\/span><div class=\"fusion-li-item-content\">\n<p>Chauffage performant, non \u00e9nergivore , \u00e0 partir d&rsquo;\u00e9nergie propre<\/p>\n<\/div><\/li><li class=\"fusion-li-item\" style=\"\"><span class=\"icon-wrapper circle-yes\"><i class=\"fusion-li-icon fa-check fas\" aria-hidden=\"true\"><\/i><\/span><div class=\"fusion-li-item-content\">\n<p>Mat\u00e9riaux naturels<\/p>\n<\/div><\/li><li class=\"fusion-li-item\" style=\"\"><span class=\"icon-wrapper circle-yes\"><i class=\"fusion-li-icon fa-check fas\" aria-hidden=\"true\"><\/i><\/span><div class=\"fusion-li-item-content\">\n<p>Fen\u00eatres \u00e0 double ou triple vitrage de qualit\u00e9 sup\u00e9rieure<\/p>\n<\/div><\/li><li class=\"fusion-li-item\" style=\"\"><span class=\"icon-wrapper circle-yes\"><i class=\"fusion-li-icon fa-check fas\" aria-hidden=\"true\"><\/i><\/span><div class=\"fusion-li-item-content\">\n<p>Etc.<\/p>\n<\/div><\/li><\/ul><div class=\"fusion-clearfix\"><\/div><\/div><\/div><div class=\"fusion-layout-column fusion_builder_column fusion-builder-column-3 fusion_builder_column_1_3 1_3 fusion-one-third fusion-column-last\" style=\"--awb-bg-size:cover;width:30.6666%;\"><div class=\"fusion-column-wrapper fusion-flex-column-wrapper-legacy\"><div class=\"fusion-image-element in-legacy-container\" style=\"--awb-caption-title-font-family:var(--h2_typography-font-family);--awb-caption-title-font-weight:var(--h2_typography-font-weight);--awb-caption-title-font-style:var(--h2_typography-font-style);--awb-caption-title-size:var(--h2_typography-font-size);--awb-caption-title-transform:var(--h2_typography-text-transform);--awb-caption-title-line-height:var(--h2_typography-line-height);--awb-caption-title-letter-spacing:var(--h2_typography-letter-spacing);\"><span class=\" fusion-imageframe imageframe-none imageframe-1 hover-type-zoomin fusion-animated\" data-animationType=\"fadeInDown\" data-animationDuration=\"1.0\" data-animationOffset=\"top-into-view\"><a href=\"https:\/\/www.leshabitationsmlc.com\/wp-content\/uploads\/2018\/11\/47hd-2-1-1-205x300.jpg\" class=\"fusion-lightbox\" data-rel=\"iLightbox[8a06919b13f32d151c1]\" data-title=\"Maison \u00e9cologique\" title=\"Maison \u00e9cologique\"><img decoding=\"async\" width=\"205\" height=\"300\" alt=\"Maison \u00e9cologique\" src=\"https:\/\/www.leshabitationsmlc.com\/wp-content\/uploads\/2018\/11\/47hd-2-1-1-205x300.jpg\" class=\"img-responsive wp-image-1019\" srcset=\"https:\/\/www.leshabitationsmlc.com\/wp-content\/uploads\/2018\/11\/47hd-2-1-1-200x293.jpg 200w, https:\/\/www.leshabitationsmlc.com\/wp-content\/uploads\/2018\/11\/47hd-2-1-1-400x585.jpg 400w, https:\/\/www.leshabitationsmlc.com\/wp-content\/uploads\/2018\/11\/47hd-2-1-1-600x878.jpg 600w, https:\/\/www.leshabitationsmlc.com\/wp-content\/uploads\/2018\/11\/47hd-2-1-1.jpg 750w\" sizes=\"(max-width: 800px) 100vw, 400px\" \/><\/a><\/span><\/div><div class=\"fusion-clearfix\"><\/div><\/div><\/div><\/div><\/div><div class=\"fusion-fullwidth fullwidth-box fusion-builder-row-3 fusion-parallax-none nonhundred-percent-fullwidth non-hundred-percent-height-scrolling\" style=\"--awb-border-radius-top-left:0px;--awb-border-radius-top-right:0px;--awb-border-radius-bottom-right:0px;--awb-border-radius-bottom-left:0px;--awb-padding-top:110px;--awb-padding-bottom:50px;--awb-background-image:url(&quot;https:\/\/www.leshabitationsmlc.com\/wp-content\/uploads\/2018\/11\/expertise-bg-2.jpg&quot;);--awb-background-size:cover;--awb-border-sizes-top:0px;--awb-border-sizes-bottom:0px;--awb-flex-wrap:wrap;\" ><div class=\"fusion-builder-row fusion-row\"><div class=\"fusion-layout-column fusion_builder_column fusion-builder-column-4 fusion_builder_column_1_4 1_4 fusion-one-fourth fusion-column-first\" style=\"--awb-bg-position:right center;--awb-bg-size:cover;--awb-border-color:#ffffff;--awb-border-style:solid;--awb-margin-bottom:0px;width:22%; margin-right: 4%;\"><div class=\"fusion-column-wrapper fusion-flex-column-wrapper-legacy\"><div class=\"fusion-text fusion-text-4\"><\/div><div class=\"fusion-clearfix\"><\/div><\/div><\/div><div class=\"fusion-layout-column fusion_builder_column fusion-builder-column-5 fusion_builder_column_3_4 3_4 fusion-three-fourth fusion-column-last\" style=\"--awb-bg-size:cover;--awb-margin-bottom:100px;width:74%;\"><div class=\"fusion-column-wrapper fusion-flex-column-wrapper-legacy\"><div class=\"fusion-text fusion-text-5\"><h3><span style=\"color: #ffffff;\"><em>La construction durable et respectueuse de l`environnement est une<br \/>\npriorit\u00e9 pour Les Habitations MLC<\/em><\/span><\/h3>\n<p><span style=\"color: #ffffff;\"><em>Tous nos projets sont \u00e9cologiques et durables<\/em><\/span><\/p>\n<\/div><div class=\"fusion-clearfix\"><\/div><\/div><\/div><\/div><\/div><div class=\"fusion-fullwidth fullwidth-box fusion-builder-row-4 nonhundred-percent-fullwidth non-hundred-percent-height-scrolling\" style=\"--awb-background-position:left top;--awb-border-radius-top-left:0px;--awb-border-radius-top-right:0px;--awb-border-radius-bottom-right:0px;--awb-border-radius-bottom-left:0px;--awb-padding-top:130px;--awb-padding-bottom:130px;--awb-border-sizes-top:0px;--awb-border-sizes-bottom:0px;--awb-flex-wrap:wrap;\" ><div class=\"fusion-builder-row fusion-row\"><div class=\"fusion-layout-column fusion_builder_column fusion-builder-column-6 fusion_builder_column_1_2 1_2 fusion-one-half fusion-column-first\" style=\"--awb-bg-size:cover;width:48%; margin-right: 4%;\"><div class=\"fusion-column-wrapper fusion-flex-column-wrapper-legacy\"><div class=\"fusion-text fusion-text-6\"><p>Ce type de maisons peut initialement co\u00fbter plus cher. Par la suite, vous obtenez une maison plus \u00e9conomique, durable, confortable avec une qualit\u00e9 d`air exceptionnellement saine.<\/p>\n<\/div><div class=\"fusion-text fusion-text-7\"><p style=\"text-align: center;\"><strong>Une maison bien int\u00e9gr\u00e9e et respectueuse de son environnement<\/strong><br \/>\n<strong>Une maison n\u00e9cessitant moins d\u2019entretien et plus facile \u00e0 revendre<\/strong><\/p>\n<\/div><div class=\"fusion-text fusion-text-8\"><p>Si vous avez un projet de maison \u00e9cologique, pensez \u00e0 nous consulter d\u00e8s le d\u00e9but.<\/p>\n<p>Nous travaillons avec vous d\u00e8s la conception des plans pour s\u2019assurer que votre projet soit un succ\u00e8s technique, \u00e9conomique et \u00e9cologique.<\/p>\n<\/div><div class=\"fusion-clearfix\"><\/div><\/div><\/div><div class=\"fusion-layout-column fusion_builder_column fusion-builder-column-7 fusion_builder_column_1_2 1_2 fusion-one-half fusion-column-last\" style=\"--awb-bg-size:cover;width:48%;\"><div class=\"fusion-column-wrapper fusion-flex-column-wrapper-legacy\"><div class=\"fusion-image-element fusion-image-align-center in-legacy-container\" style=\"text-align:center;--awb-caption-title-font-family:var(--h2_typography-font-family);--awb-caption-title-font-weight:var(--h2_typography-font-weight);--awb-caption-title-font-style:var(--h2_typography-font-style);--awb-caption-title-size:var(--h2_typography-font-size);--awb-caption-title-transform:var(--h2_typography-text-transform);--awb-caption-title-line-height:var(--h2_typography-line-height);--awb-caption-title-letter-spacing:var(--h2_typography-letter-spacing);\"><div class=\"imageframe-align-center\"><span class=\" fusion-imageframe imageframe-none imageframe-2 hover-type-zoomin fusion-animated\" data-animationType=\"fadeInDown\" data-animationDuration=\"1.0\" data-animationOffset=\"top-into-view\"><img decoding=\"async\" width=\"300\" height=\"203\" alt=\"Maison \u00e9cologique\" title=\"Maison \u00e9cologique\" src=\"https:\/\/www.leshabitationsmlc.com\/wp-content\/uploads\/2018\/11\/ext25hd-1-1-300x203.jpg\" class=\"img-responsive wp-image-1022\" srcset=\"https:\/\/www.leshabitationsmlc.com\/wp-content\/uploads\/2018\/11\/ext25hd-1-1-200x135.jpg 200w, https:\/\/www.leshabitationsmlc.com\/wp-content\/uploads\/2018\/11\/ext25hd-1-1-400x271.jpg 400w, https:\/\/www.leshabitationsmlc.com\/wp-content\/uploads\/2018\/11\/ext25hd-1-1-600x406.jpg 600w, https:\/\/www.leshabitationsmlc.com\/wp-content\/uploads\/2018\/11\/ext25hd-1-1.jpg 800w\" sizes=\"(max-width: 800px) 100vw, 600px\" \/><\/span><\/div><\/div><div class=\"fusion-text fusion-text-9\"><h3 style=\"text-align: center;\"><a href=\"\/realisations\">Consultez nos r\u00e9alisations de maisons \u00e9co\u00e9nerg\u00e9tiques<\/a><\/h3>\n<\/div><div class=\"fusion-clearfix\"><\/div><\/div><\/div><\/div><\/div><div class=\"fusion-fullwidth fullwidth-box fusion-builder-row-5 nonhundred-percent-fullwidth non-hundred-percent-height-scrolling\" style=\"--awb-border-radius-top-left:0px;--awb-border-radius-top-right:0px;--awb-border-radius-bottom-right:0px;--awb-border-radius-bottom-left:0px;--awb-padding-top:110px;--awb-padding-bottom:50px;--awb-background-color:#005941;--awb-border-sizes-top:0px;--awb-border-sizes-bottom:0px;--awb-flex-wrap:wrap;\" ><div class=\"fusion-builder-row fusion-row\"><div class=\"fusion-layout-column fusion_builder_column fusion-builder-column-8 fusion_builder_column_1_1 1_1 fusion-one-full fusion-column-first fusion-column-last\" style=\"--awb-bg-size:cover;--awb-margin-bottom:100px;\"><div class=\"fusion-column-wrapper fusion-flex-column-wrapper-legacy\"><div class=\"fusion-text fusion-text-10\"><h3 style=\"text-align: center;\"><span style=\"color: #ffffff;\"><em>Vous d\u00e9sirez une estimation ou de l\u2019aide pour les travaux de r\u00e9novation de votre maison, salle de bain ou cuisine ou pour un agrandissement ?<\/em><\/span><\/h3>\n<p style=\"color: #ffffff; text-align: center;\">Appelez-nous. Nous pouvons vous aider.<\/p>\n<h3 style=\"text-align: center;\"><span style=\"color: #ffffff;\">(450) 224-5501<\/span><\/h3>\n<\/div><div class=\"fusion-clearfix\"><\/div><\/div><\/div><\/div><\/div><\/p>\n","protected":false},"excerpt":{"rendered":"","protected":false},"author":1,"featured_media":0,"parent":0,"menu_order":0,"comment_status":"closed","ping_status":"closed","template":"100-width.php","meta":{"footnotes":""},"class_list":["post-897","page","type-page","status-publish","hentry"],"yoast_head":"<!-- This site is optimized with the Yoast SEO plugin v26.3 - https:\/\/yoast.com\/wordpress\/plugins\/seo\/ -->\n<title>Constructeur - maison \u00e9cologique durable - Les Habitations MLC<\/title>\n<meta name=\"description\" content=\"Nous pouvons vous construire une maison \u00e9cologique ou \u00e9co\u00e9nerg\u00e9tique dans les Laurentides ayant un impact minimal sur son environnement.\" \/>\n<meta name=\"robots\" content=\"index, follow, max-snippet:-1, max-image-preview:large, max-video-preview:-1\" \/>\n<link rel=\"canonical\" href=\"https:\/\/www.leshabitationsmlc.com\/fr\/maisons-ecologiques-durables\/\" \/>\n<meta property=\"og:locale\" content=\"fr_FR\" \/>\n<meta property=\"og:type\" content=\"article\" \/>\n<meta property=\"og:title\" content=\"Constructeur - maison \u00e9cologique durable - Les Habitations MLC\" \/>\n<meta property=\"og:description\" content=\"Nous pouvons vous construire une maison \u00e9cologique ou \u00e9co\u00e9nerg\u00e9tique dans les Laurentides ayant un impact minimal sur son environnement.\" \/>\n<meta property=\"og:url\" content=\"https:\/\/www.leshabitationsmlc.com\/fr\/maisons-ecologiques-durables\/\" \/>\n<meta property=\"og:site_name\" content=\"Les Habitations MLC\" \/>\n<meta property=\"article:publisher\" content=\"https:\/\/www.facebook.com\/Philippe.Nadeau.Entrepreneur\/\" \/>\n<meta property=\"article:modified_time\" content=\"2021-02-09T18:18:48+00:00\" \/>\n<meta name=\"twitter:card\" content=\"summary_large_image\" \/>\n<meta name=\"twitter:label1\" content=\"Dur\u00e9e de lecture estim\u00e9e\" \/>\n\t<meta name=\"twitter:data1\" content=\"10 minutes\" \/>\n<script type=\"application\/ld+json\" class=\"yoast-schema-graph\">{\"@context\":\"https:\/\/schema.org\",\"@graph\":[{\"@type\":\"WebPage\",\"@id\":\"https:\/\/www.leshabitationsmlc.com\/fr\/maisons-ecologiques-durables\/\",\"url\":\"https:\/\/www.leshabitationsmlc.com\/fr\/maisons-ecologiques-durables\/\",\"name\":\"Constructeur - maison \u00e9cologique durable - Les Habitations MLC\",\"isPartOf\":{\"@id\":\"https:\/\/www.leshabitationsmlc.com\/fr\/#website\"},\"datePublished\":\"2018-11-08T17:15:07+00:00\",\"dateModified\":\"2021-02-09T18:18:48+00:00\",\"description\":\"Nous pouvons vous construire une maison \u00e9cologique ou \u00e9co\u00e9nerg\u00e9tique dans les Laurentides ayant un impact minimal sur son environnement.\",\"breadcrumb\":{\"@id\":\"https:\/\/www.leshabitationsmlc.com\/fr\/maisons-ecologiques-durables\/#breadcrumb\"},\"inLanguage\":\"fr-FR\",\"potentialAction\":[{\"@type\":\"ReadAction\",\"target\":[\"https:\/\/www.leshabitationsmlc.com\/fr\/maisons-ecologiques-durables\/\"]}]},{\"@type\":\"BreadcrumbList\",\"@id\":\"https:\/\/www.leshabitationsmlc.com\/fr\/maisons-ecologiques-durables\/#breadcrumb\",\"itemListElement\":[{\"@type\":\"ListItem\",\"position\":1,\"name\":\"Accueil\",\"item\":\"https:\/\/www.leshabitationsmlc.com\/fr\/\"},{\"@type\":\"ListItem\",\"position\":2,\"name\":\"Maisons \u00e9cologiques durables\"}]},{\"@type\":\"WebSite\",\"@id\":\"https:\/\/www.leshabitationsmlc.com\/fr\/#website\",\"url\":\"https:\/\/www.leshabitationsmlc.com\/fr\/\",\"name\":\"Les Habitations MLC\",\"description\":\"Entrepreneur g\u00e9n\u00e9ral\",\"publisher\":{\"@id\":\"https:\/\/www.leshabitationsmlc.com\/fr\/#organization\"},\"potentialAction\":[{\"@type\":\"SearchAction\",\"target\":{\"@type\":\"EntryPoint\",\"urlTemplate\":\"https:\/\/www.leshabitationsmlc.com\/fr\/?s={search_term_string}\"},\"query-input\":{\"@type\":\"PropertyValueSpecification\",\"valueRequired\":true,\"valueName\":\"search_term_string\"}}],\"inLanguage\":\"fr-FR\"},{\"@type\":\"Organization\",\"@id\":\"https:\/\/www.leshabitationsmlc.com\/fr\/#organization\",\"name\":\"Les Habitations MLC\",\"url\":\"https:\/\/www.leshabitationsmlc.com\/fr\/\",\"logo\":{\"@type\":\"ImageObject\",\"inLanguage\":\"fr-FR\",\"@id\":\"https:\/\/www.leshabitationsmlc.com\/fr\/#\/schema\/logo\/image\/\",\"url\":\"https:\/\/www.leshabitationsmlc.com\/wp-content\/uploads\/2021\/02\/Les-Habitations-MLC.png\",\"contentUrl\":\"https:\/\/www.leshabitationsmlc.com\/wp-content\/uploads\/2021\/02\/Les-Habitations-MLC.png\",\"width\":240,\"height\":34,\"caption\":\"Les Habitations MLC\"},\"image\":{\"@id\":\"https:\/\/www.leshabitationsmlc.com\/fr\/#\/schema\/logo\/image\/\"},\"sameAs\":[\"https:\/\/www.facebook.com\/Philippe.Nadeau.Entrepreneur\/\"]}]}<\/script>\n<!-- \/ Yoast SEO plugin. -->","yoast_head_json":{"title":"Constructeur - maison \u00e9cologique durable - Les Habitations MLC","description":"Nous pouvons vous construire une maison \u00e9cologique ou \u00e9co\u00e9nerg\u00e9tique dans les Laurentides ayant un impact minimal sur son environnement.","robots":{"index":"index","follow":"follow","max-snippet":"max-snippet:-1","max-image-preview":"max-image-preview:large","max-video-preview":"max-video-preview:-1"},"canonical":"https:\/\/www.leshabitationsmlc.com\/fr\/maisons-ecologiques-durables\/","og_locale":"fr_FR","og_type":"article","og_title":"Constructeur - maison \u00e9cologique durable - Les Habitations MLC","og_description":"Nous pouvons vous construire une maison \u00e9cologique ou \u00e9co\u00e9nerg\u00e9tique dans les Laurentides ayant un impact minimal sur son environnement.","og_url":"https:\/\/www.leshabitationsmlc.com\/fr\/maisons-ecologiques-durables\/","og_site_name":"Les Habitations MLC","article_publisher":"https:\/\/www.facebook.com\/Philippe.Nadeau.Entrepreneur\/","article_modified_time":"2021-02-09T18:18:48+00:00","twitter_card":"summary_large_image","twitter_misc":{"Dur\u00e9e de lecture estim\u00e9e":"10 minutes"},"schema":{"@context":"https:\/\/schema.org","@graph":[{"@type":"WebPage","@id":"https:\/\/www.leshabitationsmlc.com\/fr\/maisons-ecologiques-durables\/","url":"https:\/\/www.leshabitationsmlc.com\/fr\/maisons-ecologiques-durables\/","name":"Constructeur - maison \u00e9cologique durable - Les Habitations MLC","isPartOf":{"@id":"https:\/\/www.leshabitationsmlc.com\/fr\/#website"},"datePublished":"2018-11-08T17:15:07+00:00","dateModified":"2021-02-09T18:18:48+00:00","description":"Nous pouvons vous construire une maison \u00e9cologique ou \u00e9co\u00e9nerg\u00e9tique dans les Laurentides ayant un impact minimal sur son environnement.","breadcrumb":{"@id":"https:\/\/www.leshabitationsmlc.com\/fr\/maisons-ecologiques-durables\/#breadcrumb"},"inLanguage":"fr-FR","potentialAction":[{"@type":"ReadAction","target":["https:\/\/www.leshabitationsmlc.com\/fr\/maisons-ecologiques-durables\/"]}]},{"@type":"BreadcrumbList","@id":"https:\/\/www.leshabitationsmlc.com\/fr\/maisons-ecologiques-durables\/#breadcrumb","itemListElement":[{"@type":"ListItem","position":1,"name":"Accueil","item":"https:\/\/www.leshabitationsmlc.com\/fr\/"},{"@type":"ListItem","position":2,"name":"Maisons \u00e9cologiques durables"}]},{"@type":"WebSite","@id":"https:\/\/www.leshabitationsmlc.com\/fr\/#website","url":"https:\/\/www.leshabitationsmlc.com\/fr\/","name":"Les Habitations MLC","description":"Entrepreneur g\u00e9n\u00e9ral","publisher":{"@id":"https:\/\/www.leshabitationsmlc.com\/fr\/#organization"},"potentialAction":[{"@type":"SearchAction","target":{"@type":"EntryPoint","urlTemplate":"https:\/\/www.leshabitationsmlc.com\/fr\/?s={search_term_string}"},"query-input":{"@type":"PropertyValueSpecification","valueRequired":true,"valueName":"search_term_string"}}],"inLanguage":"fr-FR"},{"@type":"Organization","@id":"https:\/\/www.leshabitationsmlc.com\/fr\/#organization","name":"Les Habitations MLC","url":"https:\/\/www.leshabitationsmlc.com\/fr\/","logo":{"@type":"ImageObject","inLanguage":"fr-FR","@id":"https:\/\/www.leshabitationsmlc.com\/fr\/#\/schema\/logo\/image\/","url":"https:\/\/www.leshabitationsmlc.com\/wp-content\/uploads\/2021\/02\/Les-Habitations-MLC.png","contentUrl":"https:\/\/www.leshabitationsmlc.com\/wp-content\/uploads\/2021\/02\/Les-Habitations-MLC.png","width":240,"height":34,"caption":"Les Habitations MLC"},"image":{"@id":"https:\/\/www.leshabitationsmlc.com\/fr\/#\/schema\/logo\/image\/"},"sameAs":["https:\/\/www.facebook.com\/Philippe.Nadeau.Entrepreneur\/"]}]}},"_links":{"self":[{"href":"https:\/\/www.leshabitationsmlc.com\/fr\/wp-json\/wp\/v2\/pages\/897","targetHints":{"allow":["GET"]}}],"collection":[{"href":"https:\/\/www.leshabitationsmlc.com\/fr\/wp-json\/wp\/v2\/pages"}],"about":[{"href":"https:\/\/www.leshabitationsmlc.com\/fr\/wp-json\/wp\/v2\/types\/page"}],"author":[{"embeddable":true,"href":"https:\/\/www.leshabitationsmlc.com\/fr\/wp-json\/wp\/v2\/users\/1"}],"replies":[{"embeddable":true,"href":"https:\/\/www.leshabitationsmlc.com\/fr\/wp-json\/wp\/v2\/comments?post=897"}],"version-history":[{"count":3,"href":"https:\/\/www.leshabitationsmlc.com\/fr\/wp-json\/wp\/v2\/pages\/897\/revisions"}],"predecessor-version":[{"id":1487,"href":"https:\/\/www.leshabitationsmlc.com\/fr\/wp-json\/wp\/v2\/pages\/897\/revisions\/1487"}],"wp:attachment":[{"href":"https:\/\/www.leshabitationsmlc.com\/fr\/wp-json\/wp\/v2\/media?parent=897"}],"curies":[{"name":"wp","href":"https:\/\/api.w.org\/{rel}","templated":true}]}}